{"id":847,"date":"2020-04-23T15:21:03","date_gmt":"2020-04-23T15:21:03","guid":{"rendered":"https:\/\/www.afiformations.com\/?page_id=847"},"modified":"2020-04-23T16:33:59","modified_gmt":"2020-04-23T16:33:59","slug":"habilitations-electriques","status":"publish","type":"page","link":"https:\/\/www.afiformations.com\/fr\/habilitations-electriques\/","title":{"rendered":"Habilitations \u00e9lectriques"},"content":{"rendered":"\t\t<div data-elementor-type=\"wp-page\" data-elementor-id=\"847\" class=\"elementor elementor-847\" data-elementor-post-type=\"page\">\n\t\t\t\t\t\t<section class=\"elementor-section elementor-top-section elementor-element elementor-element-631befb elementor-section-height-min-height elementor-section-items-top elementor-section-boxed elementor-section-height-default\" data-id=\"631befb\" data-element_type=\"section\" data-settings=\"{&quot;background_background&quot;:&quot;classic&quot;}\">\n\t\t\t\t\t\t\t<div class=\"elementor-background-overlay\"><\/div>\n\t\t\t\t\t\t\t<div class=\"elementor-container elementor-column-gap-default\">\n\t\t\t\t\t<div class=\"elementor-column elementor-col-100 elementor-top-column elementor-element elementor-element-56e05e9\" data-id=\"56e05e9\" data-element_type=\"column\" data-settings=\"{&quot;background_background&quot;:&quot;classic&quot;}\">\n\t\t\t<div class=\"elementor-widget-wrap elementor-element-populated\">\n\t\t\t\t\t\t<div class=\"elementor-element elementor-element-d3bd18d elementor-widget elementor-widget-heading\" data-id=\"d3bd18d\" data-element_type=\"widget\" data-widget_type=\"heading.default\">\n\t\t\t\t<div class=\"elementor-widget-container\">\n\t\t\t<h1 class=\"elementor-heading-title elementor-size-default\">Formation habilitations \u00e9lectriques Luxembourg \/ France<\/h1>\t\t<\/div>\n\t\t\t\t<\/div>\n\t\t\t\t\t<\/div>\n\t\t<\/div>\n\t\t\t\t\t<\/div>\n\t\t<\/section>\n\t\t\t\t<section class=\"elementor-section elementor-top-section elementor-element elementor-element-66e1a9e elementor-section-boxed elementor-section-height-default elementor-section-height-default\" data-id=\"66e1a9e\" data-element_type=\"section\">\n\t\t\t\t\t\t<div class=\"elementor-container elementor-column-gap-default\">\n\t\t\t\t\t<div class=\"elementor-column elementor-col-100 elementor-top-column elementor-element elementor-element-e5746e2\" data-id=\"e5746e2\" data-element_type=\"column\" data-settings=\"{&quot;background_background&quot;:&quot;classic&quot;}\">\n\t\t\t<div class=\"elementor-widget-wrap elementor-element-populated\">\n\t\t\t\t\t\t<div class=\"elementor-element elementor-element-7cff3e7 elementor-widget elementor-widget-heading\" data-id=\"7cff3e7\" data-element_type=\"widget\" data-widget_type=\"heading.default\">\n\t\t\t\t<div class=\"elementor-widget-container\">\n\t\t\t<h2 class=\"elementor-heading-title elementor-size-default\">Habilitations \u00e9lectriques<\/h2>\t\t<\/div>\n\t\t\t\t<\/div>\n\t\t\t\t<section class=\"elementor-section elementor-inner-section elementor-element elementor-element-3ba46b9 elementor-section-boxed elementor-section-height-default elementor-section-height-default\" data-id=\"3ba46b9\" data-element_type=\"section\">\n\t\t\t\t\t\t<div class=\"elementor-container elementor-column-gap-default\">\n\t\t\t\t\t<div class=\"elementor-column elementor-col-50 elementor-inner-column elementor-element elementor-element-bfb38bc\" data-id=\"bfb38bc\" data-element_type=\"column\">\n\t\t\t<div class=\"elementor-widget-wrap elementor-element-populated\">\n\t\t\t\t\t\t<div class=\"elementor-element elementor-element-d22152f elementor-widget elementor-widget-text-editor\" data-id=\"d22152f\" data-element_type=\"widget\" data-widget_type=\"text-editor.default\">\n\t\t\t\t<div class=\"elementor-widget-container\">\n\t\t\t\t\t\t\t<p>AFI Formations propose des formations habilitations \u00e9lectriques pour le Luxembourg et la France.<\/p><ul><li>Conna\u00eetre les dangers de l&rsquo;\u00e9lectricit\u00e9 et \u00eatre capable d&rsquo;identifier et d&rsquo;analyser le risque \u00e9lectrique.<\/li><li>Conna\u00eetre les prescriptions et proc\u00e9d\u00e9s de pr\u00e9vention du risque \u00e9lectrique et savoir les mettre en \u0153uvre.<\/li><li>\u00catre capable de mettre en application les mesures de pr\u00e9vention adapt\u00e9es pour pr\u00e9venir le risque \u00e9lectrique sur les installations et mat\u00e9riels \u00e9lectrique, ou dans leur environnement.<\/li><li>Savoir int\u00e9grer la pr\u00e9vention dans la pr\u00e9paration du travail pour les personnes qui en ont la charge.<\/li><li>\u00catre inform\u00e9es de la conduite \u00e0 tenir en cas d&rsquo;accident ou d&rsquo;incendie d&rsquo;origine \u00e9lectrique.<\/li><\/ul>\t\t\t\t\t\t<\/div>\n\t\t\t\t<\/div>\n\t\t\t\t<div class=\"elementor-element elementor-element-af1b226 elementor-align-center elementor-widget elementor-widget-button\" data-id=\"af1b226\" data-element_type=\"widget\" data-widget_type=\"button.default\">\n\t\t\t\t<div class=\"elementor-widget-container\">\n\t\t\t\t\t\t\t<div class=\"elementor-button-wrapper\">\n\t\t\t\t\t<a class=\"elementor-button elementor-button-link elementor-size-sm\" href=\"https:\/\/www.afiformations.com\/fr\/contact\/\">\n\t\t\t\t\t\t<span class=\"elementor-button-content-wrapper\">\n\t\t\t\t\t\t\t\t\t<span class=\"elementor-button-text\">Contactez-nous<\/span>\n\t\t\t\t\t<\/span>\n\t\t\t\t\t<\/a>\n\t\t\t\t<\/div>\n\t\t\t\t\t\t<\/div>\n\t\t\t\t<\/div>\n\t\t\t\t\t<\/div>\n\t\t<\/div>\n\t\t\t\t<div class=\"elementor-column elementor-col-50 elementor-inner-column elementor-element elementor-element-2498a17\" data-id=\"2498a17\" data-element_type=\"column\" data-settings=\"{&quot;background_background&quot;:&quot;classic&quot;}\">\n\t\t\t<div class=\"elementor-widget-wrap elementor-element-populated\">\n\t\t\t\t\t\t<div class=\"elementor-element elementor-element-16060e8 elementor-widget elementor-widget-image\" data-id=\"16060e8\" data-element_type=\"widget\" data-widget_type=\"image.default\">\n\t\t\t\t<div class=\"elementor-widget-container\">\n\t\t\t\t\t\t\t\t\t\t\t\t\t<img fetchpriority=\"high\" decoding=\"async\" width=\"1024\" height=\"681\" src=\"https:\/\/www.afiformations.com\/wp-content\/uploads\/2020\/04\/formation-habilitation-electrique-afi-1024x681.jpg\" class=\"attachment-large size-large wp-image-852\" alt=\"\" srcset=\"https:\/\/www.afiformations.com\/wp-content\/uploads\/2020\/04\/formation-habilitation-electrique-afi-1024x681.jpg 1024w, https:\/\/www.afiformations.com\/wp-content\/uploads\/2020\/04\/formation-habilitation-electrique-afi-300x200.jpg 300w, https:\/\/www.afiformations.com\/wp-content\/uploads\/2020\/04\/formation-habilitation-electrique-afi-768x511.jpg 768w, https:\/\/www.afiformations.com\/wp-content\/uploads\/2020\/04\/formation-habilitation-electrique-afi.jpg 1500w\" sizes=\"(max-width: 1024px) 100vw, 1024px\" \/>\t\t\t\t\t\t\t\t\t\t\t\t\t<\/div>\n\t\t\t\t<\/div>\n\t\t\t\t\t<\/div>\n\t\t<\/div>\n\t\t\t\t\t<\/div>\n\t\t<\/section>\n\t\t\t\t\t<\/div>\n\t\t<\/div>\n\t\t\t\t\t<\/div>\n\t\t<\/section>\n\t\t\t\t<\/div>\n\t\t","protected":false},"excerpt":{"rendered":"<p>Formation habilitations \u00e9lectriques Luxembourg \/ France Habilitations \u00e9lectriques AFI Formations propose des formations habilitations \u00e9lectriques pour le Luxembourg et la France. Conna\u00eetre les dangers de l&rsquo;\u00e9lectricit\u00e9 et \u00eatre capable d&rsquo;identifier et d&rsquo;analyser le risque \u00e9lectrique. Conna\u00eetre les prescriptions et proc\u00e9d\u00e9s de pr\u00e9vention du risque \u00e9lectrique et savoir les mettre en \u0153uvre. \u00catre capable de mettre [&hellip;]<\/p>\n","protected":false},"author":1,"featured_media":0,"parent":0,"menu_order":0,"comment_status":"closed","ping_status":"closed","template":"elementor_header_footer","meta":{"site-sidebar-layout":"default","site-content-layout":"","ast-site-content-layout":"","site-content-style":"default","site-sidebar-style":"default","ast-global-header-display":"","ast-banner-title-visibility":"","ast-main-header-display":"","ast-hfb-above-header-display":"","ast-hfb-below-header-display":"","ast-hfb-mobile-header-display":"","site-post-title":"","ast-breadcrumbs-content":"","ast-featured-img":"","footer-sml-layout":"","theme-transparent-header-meta":"","adv-header-id-meta":"","stick-header-meta":"","header-above-stick-meta":"","header-main-stick-meta":"","header-below-stick-meta":"","astra-migrate-meta-layouts":"default","ast-page-background-enabled":"default","ast-page-background-meta":{"desktop":{"background-color":"var(--ast-global-color-4)","background-image":"","background-repeat":"repeat","background-position":"center center","background-size":"auto","background-attachment":"scroll","background-type":"","background-media":"","overlay-type":"","overlay-color":"","overlay-opacity":"","overlay-gradient":""},"tablet":{"background-color":"","background-image":"","background-repeat":"repeat","background-position":"center center","background-size":"auto","background-attachment":"scroll","background-type":"","background-media":"","overlay-type":"","overlay-color":"","overlay-opacity":"","overlay-gradient":""},"mobile":{"background-color":"","background-image":"","background-repeat":"repeat","background-position":"center center","background-size":"auto","background-attachment":"scroll","background-type":"","background-media":"","overlay-type":"","overlay-color":"","overlay-opacity":"","overlay-gradient":""}},"ast-content-background-meta":{"desktop":{"background-color":"var(--ast-global-color-5)","background-image":"","background-repeat":"repeat","background-position":"center center","background-size":"auto","background-attachment":"scroll","background-type":"","background-media":"","overlay-type":"","overlay-color":"","overlay-opacity":"","overlay-gradient":""},"tablet":{"background-color":"var(--ast-global-color-5)","background-image":"","background-repeat":"repeat","background-position":"center center","background-size":"auto","background-attachment":"scroll","background-type":"","background-media":"","overlay-type":"","overlay-color":"","overlay-opacity":"","overlay-gradient":""},"mobile":{"background-color":"var(--ast-global-color-5)","background-image":"","background-repeat":"repeat","background-position":"center center","background-size":"auto","background-attachment":"scroll","background-type":"","background-media":"","overlay-type":"","overlay-color":"","overlay-opacity":"","overlay-gradient":""}},"footnotes":""},"class_list":["post-847","page","type-page","status-publish","hentry"],"yoast_head":"<!-- This site is optimized with the Yoast SEO plugin v24.5 - https:\/\/yoast.com\/wordpress\/plugins\/seo\/ -->\n<title>Habilitations \u00e9lectriques - AFI Formations<\/title>\n<meta name=\"robots\" content=\"index, follow, max-snippet:-1, max-image-preview:large, max-video-preview:-1\" \/>\n<link rel=\"canonical\" href=\"https:\/\/www.afiformations.com\/fr\/habilitations-electriques\/\" \/>\n<meta property=\"og:locale\" content=\"fr_FR\" \/>\n<meta property=\"og:type\" content=\"article\" \/>\n<meta property=\"og:title\" content=\"Habilitations \u00e9lectriques - AFI Formations\" \/>\n<meta property=\"og:description\" content=\"Formation habilitations \u00e9lectriques Luxembourg \/ France Habilitations \u00e9lectriques AFI Formations propose des formations habilitations \u00e9lectriques pour le Luxembourg et la France. Conna\u00eetre les dangers de l&rsquo;\u00e9lectricit\u00e9 et \u00eatre capable d&rsquo;identifier et d&rsquo;analyser le risque \u00e9lectrique. Conna\u00eetre les prescriptions et proc\u00e9d\u00e9s de pr\u00e9vention du risque \u00e9lectrique et savoir les mettre en \u0153uvre. \u00catre capable de mettre [&hellip;]\" \/>\n<meta property=\"og:url\" content=\"https:\/\/www.afiformations.com\/fr\/habilitations-electriques\/\" \/>\n<meta property=\"og:site_name\" content=\"AFI Formations\" \/>\n<meta property=\"article:modified_time\" content=\"2020-04-23T16:33:59+00:00\" \/>\n<meta property=\"og:image\" content=\"https:\/\/www.afiformations.com\/wp-content\/uploads\/2020\/04\/formation-habilitation-electrique-afi-1024x681.jpg\" \/>\n<meta name=\"twitter:card\" content=\"summary_large_image\" \/>\n<meta name=\"twitter:label1\" content=\"Dur\u00e9e de lecture estim\u00e9e\" \/>\n\t<meta name=\"twitter:data1\" content=\"1 minute\" \/>\n<script type=\"application\/ld+json\" class=\"yoast-schema-graph\">{\"@context\":\"https:\/\/schema.org\",\"@graph\":[{\"@type\":\"WebPage\",\"@id\":\"https:\/\/www.afiformations.com\/fr\/habilitations-electriques\/\",\"url\":\"https:\/\/www.afiformations.com\/fr\/habilitations-electriques\/\",\"name\":\"Habilitations \u00e9lectriques - AFI Formations\",\"isPartOf\":{\"@id\":\"https:\/\/www.afiformations.com\/fr\/#website\"},\"primaryImageOfPage\":{\"@id\":\"https:\/\/www.afiformations.com\/fr\/habilitations-electriques\/#primaryimage\"},\"image\":{\"@id\":\"https:\/\/www.afiformations.com\/fr\/habilitations-electriques\/#primaryimage\"},\"thumbnailUrl\":\"https:\/\/www.afiformations.com\/wp-content\/uploads\/2020\/04\/formation-habilitation-electrique-afi-1024x681.jpg\",\"datePublished\":\"2020-04-23T15:21:03+00:00\",\"dateModified\":\"2020-04-23T16:33:59+00:00\",\"breadcrumb\":{\"@id\":\"https:\/\/www.afiformations.com\/fr\/habilitations-electriques\/#breadcrumb\"},\"inLanguage\":\"fr-FR\",\"potentialAction\":[{\"@type\":\"ReadAction\",\"target\":[\"https:\/\/www.afiformations.com\/fr\/habilitations-electriques\/\"]}]},{\"@type\":\"ImageObject\",\"inLanguage\":\"fr-FR\",\"@id\":\"https:\/\/www.afiformations.com\/fr\/habilitations-electriques\/#primaryimage\",\"url\":\"https:\/\/www.afiformations.com\/wp-content\/uploads\/2020\/04\/formation-habilitation-electrique-afi-1024x681.jpg\",\"contentUrl\":\"https:\/\/www.afiformations.com\/wp-content\/uploads\/2020\/04\/formation-habilitation-electrique-afi-1024x681.jpg\"},{\"@type\":\"BreadcrumbList\",\"@id\":\"https:\/\/www.afiformations.com\/fr\/habilitations-electriques\/#breadcrumb\",\"itemListElement\":[{\"@type\":\"ListItem\",\"position\":1,\"name\":\"Home\",\"item\":\"https:\/\/www.afiformations.com\/fr\/\"},{\"@type\":\"ListItem\",\"position\":2,\"name\":\"Habilitations \u00e9lectriques\"}]},{\"@type\":\"WebSite\",\"@id\":\"https:\/\/www.afiformations.com\/fr\/#website\",\"url\":\"https:\/\/www.afiformations.com\/fr\/\",\"name\":\"AFI Formations\",\"description\":\"Centre de formations Luxembourg\",\"potentialAction\":[{\"@type\":\"SearchAction\",\"target\":{\"@type\":\"EntryPoint\",\"urlTemplate\":\"https:\/\/www.afiformations.com\/fr\/?s={search_term_string}\"},\"query-input\":{\"@type\":\"PropertyValueSpecification\",\"valueRequired\":true,\"valueName\":\"search_term_string\"}}],\"inLanguage\":\"fr-FR\"}]}<\/script>\n<!-- \/ Yoast SEO plugin. -->","yoast_head_json":{"title":"Habilitations \u00e9lectriques - AFI Formations","robots":{"index":"index","follow":"follow","max-snippet":"max-snippet:-1","max-image-preview":"max-image-preview:large","max-video-preview":"max-video-preview:-1"},"canonical":"https:\/\/www.afiformations.com\/fr\/habilitations-electriques\/","og_locale":"fr_FR","og_type":"article","og_title":"Habilitations \u00e9lectriques - AFI Formations","og_description":"Formation habilitations \u00e9lectriques Luxembourg \/ France Habilitations \u00e9lectriques AFI Formations propose des formations habilitations \u00e9lectriques pour le Luxembourg et la France. Conna\u00eetre les dangers de l&rsquo;\u00e9lectricit\u00e9 et \u00eatre capable d&rsquo;identifier et d&rsquo;analyser le risque \u00e9lectrique. Conna\u00eetre les prescriptions et proc\u00e9d\u00e9s de pr\u00e9vention du risque \u00e9lectrique et savoir les mettre en \u0153uvre. \u00catre capable de mettre [&hellip;]","og_url":"https:\/\/www.afiformations.com\/fr\/habilitations-electriques\/","og_site_name":"AFI Formations","article_modified_time":"2020-04-23T16:33:59+00:00","og_image":[{"url":"https:\/\/www.afiformations.com\/wp-content\/uploads\/2020\/04\/formation-habilitation-electrique-afi-1024x681.jpg","type":"","width":"","height":""}],"twitter_card":"summary_large_image","twitter_misc":{"Dur\u00e9e de lecture estim\u00e9e":"1 minute"},"schema":{"@context":"https:\/\/schema.org","@graph":[{"@type":"WebPage","@id":"https:\/\/www.afiformations.com\/fr\/habilitations-electriques\/","url":"https:\/\/www.afiformations.com\/fr\/habilitations-electriques\/","name":"Habilitations \u00e9lectriques - AFI Formations","isPartOf":{"@id":"https:\/\/www.afiformations.com\/fr\/#website"},"primaryImageOfPage":{"@id":"https:\/\/www.afiformations.com\/fr\/habilitations-electriques\/#primaryimage"},"image":{"@id":"https:\/\/www.afiformations.com\/fr\/habilitations-electriques\/#primaryimage"},"thumbnailUrl":"https:\/\/www.afiformations.com\/wp-content\/uploads\/2020\/04\/formation-habilitation-electrique-afi-1024x681.jpg","datePublished":"2020-04-23T15:21:03+00:00","dateModified":"2020-04-23T16:33:59+00:00","breadcrumb":{"@id":"https:\/\/www.afiformations.com\/fr\/habilitations-electriques\/#breadcrumb"},"inLanguage":"fr-FR","potentialAction":[{"@type":"ReadAction","target":["https:\/\/www.afiformations.com\/fr\/habilitations-electriques\/"]}]},{"@type":"ImageObject","inLanguage":"fr-FR","@id":"https:\/\/www.afiformations.com\/fr\/habilitations-electriques\/#primaryimage","url":"https:\/\/www.afiformations.com\/wp-content\/uploads\/2020\/04\/formation-habilitation-electrique-afi-1024x681.jpg","contentUrl":"https:\/\/www.afiformations.com\/wp-content\/uploads\/2020\/04\/formation-habilitation-electrique-afi-1024x681.jpg"},{"@type":"BreadcrumbList","@id":"https:\/\/www.afiformations.com\/fr\/habilitations-electriques\/#breadcrumb","itemListElement":[{"@type":"ListItem","position":1,"name":"Home","item":"https:\/\/www.afiformations.com\/fr\/"},{"@type":"ListItem","position":2,"name":"Habilitations \u00e9lectriques"}]},{"@type":"WebSite","@id":"https:\/\/www.afiformations.com\/fr\/#website","url":"https:\/\/www.afiformations.com\/fr\/","name":"AFI Formations","description":"Centre de formations Luxembourg","potentialAction":[{"@type":"SearchAction","target":{"@type":"EntryPoint","urlTemplate":"https:\/\/www.afiformations.com\/fr\/?s={search_term_string}"},"query-input":{"@type":"PropertyValueSpecification","valueRequired":true,"valueName":"search_term_string"}}],"inLanguage":"fr-FR"}]}},"_links":{"self":[{"href":"https:\/\/www.afiformations.com\/fr\/wp-json\/wp\/v2\/pages\/847"}],"collection":[{"href":"https:\/\/www.afiformations.com\/fr\/wp-json\/wp\/v2\/pages"}],"about":[{"href":"https:\/\/www.afiformations.com\/fr\/wp-json\/wp\/v2\/types\/page"}],"author":[{"embeddable":true,"href":"https:\/\/www.afiformations.com\/fr\/wp-json\/wp\/v2\/users\/1"}],"replies":[{"embeddable":true,"href":"https:\/\/www.afiformations.com\/fr\/wp-json\/wp\/v2\/comments?post=847"}],"version-history":[{"count":5,"href":"https:\/\/www.afiformations.com\/fr\/wp-json\/wp\/v2\/pages\/847\/revisions"}],"predecessor-version":[{"id":854,"href":"https:\/\/www.afiformations.com\/fr\/wp-json\/wp\/v2\/pages\/847\/revisions\/854"}],"wp:attachment":[{"href":"https:\/\/www.afiformations.com\/fr\/wp-json\/wp\/v2\/media?parent=847"}],"curies":[{"name":"wp","href":"https:\/\/api.w.org\/{rel}","templated":true}]}}