{"id":646,"date":"2020-04-23T09:51:12","date_gmt":"2020-04-23T09:51:12","guid":{"rendered":"https:\/\/www.afiformations.com\/?page_id=646"},"modified":"2020-04-23T15:02:57","modified_gmt":"2020-04-23T15:02:57","slug":"port-du-harnais","status":"publish","type":"page","link":"https:\/\/www.afiformations.com\/fr\/port-du-harnais\/","title":{"rendered":"Port du harnais"},"content":{"rendered":"\t\t<div data-elementor-type=\"wp-page\" data-elementor-id=\"646\" class=\"elementor elementor-646\" data-elementor-post-type=\"page\">\n\t\t\t\t\t\t<section class=\"elementor-section elementor-top-section elementor-element elementor-element-3972701 elementor-section-height-min-height elementor-section-items-top elementor-section-boxed elementor-section-height-default\" data-id=\"3972701\" data-element_type=\"section\" data-settings=\"{&quot;background_background&quot;:&quot;classic&quot;}\">\n\t\t\t\t\t\t\t<div class=\"elementor-background-overlay\"><\/div>\n\t\t\t\t\t\t\t<div class=\"elementor-container elementor-column-gap-default\">\n\t\t\t\t\t<div class=\"elementor-column elementor-col-100 elementor-top-column elementor-element elementor-element-c6ad00a\" data-id=\"c6ad00a\" data-element_type=\"column\" data-settings=\"{&quot;background_background&quot;:&quot;classic&quot;}\">\n\t\t\t<div class=\"elementor-widget-wrap elementor-element-populated\">\n\t\t\t\t\t\t<div class=\"elementor-element elementor-element-9a4e084 elementor-widget elementor-widget-heading\" data-id=\"9a4e084\" data-element_type=\"widget\" data-widget_type=\"heading.default\">\n\t\t\t\t<div class=\"elementor-widget-container\">\n\t\t\t<h1 class=\"elementor-heading-title elementor-size-default\">Formation port du harnais Luxembourg \/ France<\/h1>\t\t<\/div>\n\t\t\t\t<\/div>\n\t\t\t\t\t<\/div>\n\t\t<\/div>\n\t\t\t\t\t<\/div>\n\t\t<\/section>\n\t\t\t\t<section class=\"elementor-section elementor-top-section elementor-element elementor-element-4ab8b3d elementor-section-boxed elementor-section-height-default elementor-section-height-default\" data-id=\"4ab8b3d\" data-element_type=\"section\">\n\t\t\t\t\t\t<div class=\"elementor-container elementor-column-gap-default\">\n\t\t\t\t\t<div class=\"elementor-column elementor-col-100 elementor-top-column elementor-element elementor-element-46053bd\" data-id=\"46053bd\" data-element_type=\"column\" data-settings=\"{&quot;background_background&quot;:&quot;classic&quot;}\">\n\t\t\t<div class=\"elementor-widget-wrap elementor-element-populated\">\n\t\t\t\t\t\t<div class=\"elementor-element elementor-element-eda75c6 elementor-widget elementor-widget-heading\" data-id=\"eda75c6\" data-element_type=\"widget\" data-widget_type=\"heading.default\">\n\t\t\t\t<div class=\"elementor-widget-container\">\n\t\t\t<h2 class=\"elementor-heading-title elementor-size-default\">Port du harnais<\/h2>\t\t<\/div>\n\t\t\t\t<\/div>\n\t\t\t\t<section class=\"elementor-section elementor-inner-section elementor-element elementor-element-04d92fc elementor-section-boxed elementor-section-height-default elementor-section-height-default\" data-id=\"04d92fc\" data-element_type=\"section\">\n\t\t\t\t\t\t<div class=\"elementor-container elementor-column-gap-default\">\n\t\t\t\t\t<div class=\"elementor-column elementor-col-50 elementor-inner-column elementor-element elementor-element-df7ecea\" data-id=\"df7ecea\" data-element_type=\"column\">\n\t\t\t<div class=\"elementor-widget-wrap elementor-element-populated\">\n\t\t\t\t\t\t<div class=\"elementor-element elementor-element-b8e309b elementor-widget elementor-widget-text-editor\" data-id=\"b8e309b\" data-element_type=\"widget\" data-widget_type=\"text-editor.default\">\n\t\t\t\t<div class=\"elementor-widget-container\">\n\t\t\t\t\t\t\t<p>AFI Formations est un organisme qui peut dispenser une formation port du harnais.\u00a0<\/p><p>Le but de la formation est de vous apprendre \u00e0 vous s\u00e9curiser avec des \u00e9quipements sp\u00e9cifiques.\u00a0<\/p><p>La formation port du harnais est propos\u00e9e au Luxembourg et en France.<\/p><p>N&rsquo;h\u00e9sitez pas \u00e0 contacter AFI formations pour plus d&rsquo;informations.<\/p>\t\t\t\t\t\t<\/div>\n\t\t\t\t<\/div>\n\t\t\t\t<div class=\"elementor-element elementor-element-72a2299 elementor-align-center elementor-widget elementor-widget-button\" data-id=\"72a2299\" data-element_type=\"widget\" data-widget_type=\"button.default\">\n\t\t\t\t<div class=\"elementor-widget-container\">\n\t\t\t\t\t\t\t<div class=\"elementor-button-wrapper\">\n\t\t\t\t\t<a class=\"elementor-button elementor-button-link elementor-size-sm\" href=\"https:\/\/www.afiformations.com\/fr\/contact\/\">\n\t\t\t\t\t\t<span class=\"elementor-button-content-wrapper\">\n\t\t\t\t\t\t\t\t\t<span class=\"elementor-button-text\">Contactez-nous<\/span>\n\t\t\t\t\t<\/span>\n\t\t\t\t\t<\/a>\n\t\t\t\t<\/div>\n\t\t\t\t\t\t<\/div>\n\t\t\t\t<\/div>\n\t\t\t\t\t<\/div>\n\t\t<\/div>\n\t\t\t\t<div class=\"elementor-column elementor-col-50 elementor-inner-column elementor-element elementor-element-e983a4e\" data-id=\"e983a4e\" data-element_type=\"column\" data-settings=\"{&quot;background_background&quot;:&quot;classic&quot;}\">\n\t\t\t<div class=\"elementor-widget-wrap elementor-element-populated\">\n\t\t\t\t\t\t<div class=\"elementor-element elementor-element-e3ca2ed elementor-widget elementor-widget-image\" data-id=\"e3ca2ed\" data-element_type=\"widget\" data-widget_type=\"image.default\">\n\t\t\t\t<div class=\"elementor-widget-container\">\n\t\t\t\t\t\t\t\t\t\t\t\t\t<img fetchpriority=\"high\" decoding=\"async\" width=\"720\" height=\"693\" src=\"https:\/\/www.afiformations.com\/wp-content\/uploads\/2020\/04\/formation-port-harnais-luxembourg-e1587635712419.jpg\" class=\"attachment-full size-full wp-image-649\" alt=\"Formation port du harnais Luxembourg\" srcset=\"https:\/\/www.afiformations.com\/wp-content\/uploads\/2020\/04\/formation-port-harnais-luxembourg-e1587635712419.jpg 720w, https:\/\/www.afiformations.com\/wp-content\/uploads\/2020\/04\/formation-port-harnais-luxembourg-e1587635712419-300x289.jpg 300w\" sizes=\"(max-width: 720px) 100vw, 720px\" \/>\t\t\t\t\t\t\t\t\t\t\t\t\t<\/div>\n\t\t\t\t<\/div>\n\t\t\t\t\t<\/div>\n\t\t<\/div>\n\t\t\t\t\t<\/div>\n\t\t<\/section>\n\t\t\t\t\t<\/div>\n\t\t<\/div>\n\t\t\t\t\t<\/div>\n\t\t<\/section>\n\t\t\t\t<\/div>\n\t\t","protected":false},"excerpt":{"rendered":"<p>Formation port du harnais Luxembourg \/ France Port du harnais AFI Formations est un organisme qui peut dispenser une formation port du harnais.\u00a0 Le but de la formation est de vous apprendre \u00e0 vous s\u00e9curiser avec des \u00e9quipements sp\u00e9cifiques.\u00a0 La formation port du harnais est propos\u00e9e au Luxembourg et en France. N&rsquo;h\u00e9sitez pas \u00e0 contacter [&hellip;]<\/p>\n","protected":false},"author":1,"featured_media":0,"parent":0,"menu_order":0,"comment_status":"closed","ping_status":"closed","template":"elementor_header_footer","meta":{"site-sidebar-layout":"default","site-content-layout":"","ast-site-content-layout":"","site-content-style":"default","site-sidebar-style":"default","ast-global-header-display":"","ast-banner-title-visibility":"","ast-main-header-display":"","ast-hfb-above-header-display":"","ast-hfb-below-header-display":"","ast-hfb-mobile-header-display":"","site-post-title":"","ast-breadcrumbs-content":"","ast-featured-img":"","footer-sml-layout":"","theme-transparent-header-meta":"","adv-header-id-meta":"","stick-header-meta":"","header-above-stick-meta":"","header-main-stick-meta":"","header-below-stick-meta":"","astra-migrate-meta-layouts":"default","ast-page-background-enabled":"default","ast-page-background-meta":{"desktop":{"background-color":"var(--ast-global-color-4)","background-image":"","background-repeat":"repeat","background-position":"center center","background-size":"auto","background-attachment":"scroll","background-type":"","background-media":"","overlay-type":"","overlay-color":"","overlay-opacity":"","overlay-gradient":""},"tablet":{"background-color":"","background-image":"","background-repeat":"repeat","background-position":"center center","background-size":"auto","background-attachment":"scroll","background-type":"","background-media":"","overlay-type":"","overlay-color":"","overlay-opacity":"","overlay-gradient":""},"mobile":{"background-color":"","background-image":"","background-repeat":"repeat","background-position":"center center","background-size":"auto","background-attachment":"scroll","background-type":"","background-media":"","overlay-type":"","overlay-color":"","overlay-opacity":"","overlay-gradient":""}},"ast-content-background-meta":{"desktop":{"background-color":"var(--ast-global-color-5)","background-image":"","background-repeat":"repeat","background-position":"center center","background-size":"auto","background-attachment":"scroll","background-type":"","background-media":"","overlay-type":"","overlay-color":"","overlay-opacity":"","overlay-gradient":""},"tablet":{"background-color":"var(--ast-global-color-5)","background-image":"","background-repeat":"repeat","background-position":"center center","background-size":"auto","background-attachment":"scroll","background-type":"","background-media":"","overlay-type":"","overlay-color":"","overlay-opacity":"","overlay-gradient":""},"mobile":{"background-color":"var(--ast-global-color-5)","background-image":"","background-repeat":"repeat","background-position":"center center","background-size":"auto","background-attachment":"scroll","background-type":"","background-media":"","overlay-type":"","overlay-color":"","overlay-opacity":"","overlay-gradient":""}},"footnotes":""},"class_list":["post-646","page","type-page","status-publish","hentry"],"yoast_head":"<!-- This site is optimized with the Yoast SEO plugin v24.5 - https:\/\/yoast.com\/wordpress\/plugins\/seo\/ -->\n<title>Port du harnais - AFI Formations<\/title>\n<meta name=\"robots\" content=\"index, follow, max-snippet:-1, max-image-preview:large, max-video-preview:-1\" \/>\n<link rel=\"canonical\" href=\"https:\/\/www.afiformations.com\/fr\/port-du-harnais\/\" \/>\n<meta property=\"og:locale\" content=\"fr_FR\" \/>\n<meta property=\"og:type\" content=\"article\" \/>\n<meta property=\"og:title\" content=\"Port du harnais - AFI Formations\" \/>\n<meta property=\"og:description\" content=\"Formation port du harnais Luxembourg \/ France Port du harnais AFI Formations est un organisme qui peut dispenser une formation port du harnais.\u00a0 Le but de la formation est de vous apprendre \u00e0 vous s\u00e9curiser avec des \u00e9quipements sp\u00e9cifiques.\u00a0 La formation port du harnais est propos\u00e9e au Luxembourg et en France. N&rsquo;h\u00e9sitez pas \u00e0 contacter [&hellip;]\" \/>\n<meta property=\"og:url\" content=\"https:\/\/www.afiformations.com\/fr\/port-du-harnais\/\" \/>\n<meta property=\"og:site_name\" content=\"AFI Formations\" \/>\n<meta property=\"article:modified_time\" content=\"2020-04-23T15:02:57+00:00\" \/>\n<meta property=\"og:image\" content=\"https:\/\/www.afiformations.com\/wp-content\/uploads\/2020\/04\/formation-port-harnais-luxembourg-e1587635712419.jpg\" \/>\n<meta name=\"twitter:card\" content=\"summary_large_image\" \/>\n<script type=\"application\/ld+json\" class=\"yoast-schema-graph\">{\"@context\":\"https:\/\/schema.org\",\"@graph\":[{\"@type\":\"WebPage\",\"@id\":\"https:\/\/www.afiformations.com\/fr\/port-du-harnais\/\",\"url\":\"https:\/\/www.afiformations.com\/fr\/port-du-harnais\/\",\"name\":\"Port du harnais - AFI Formations\",\"isPartOf\":{\"@id\":\"https:\/\/www.afiformations.com\/fr\/#website\"},\"primaryImageOfPage\":{\"@id\":\"https:\/\/www.afiformations.com\/fr\/port-du-harnais\/#primaryimage\"},\"image\":{\"@id\":\"https:\/\/www.afiformations.com\/fr\/port-du-harnais\/#primaryimage\"},\"thumbnailUrl\":\"https:\/\/www.afiformations.com\/wp-content\/uploads\/2020\/04\/formation-port-harnais-luxembourg-e1587635712419.jpg\",\"datePublished\":\"2020-04-23T09:51:12+00:00\",\"dateModified\":\"2020-04-23T15:02:57+00:00\",\"breadcrumb\":{\"@id\":\"https:\/\/www.afiformations.com\/fr\/port-du-harnais\/#breadcrumb\"},\"inLanguage\":\"fr-FR\",\"potentialAction\":[{\"@type\":\"ReadAction\",\"target\":[\"https:\/\/www.afiformations.com\/fr\/port-du-harnais\/\"]}]},{\"@type\":\"ImageObject\",\"inLanguage\":\"fr-FR\",\"@id\":\"https:\/\/www.afiformations.com\/fr\/port-du-harnais\/#primaryimage\",\"url\":\"https:\/\/www.afiformations.com\/wp-content\/uploads\/2020\/04\/formation-port-harnais-luxembourg-e1587635712419.jpg\",\"contentUrl\":\"https:\/\/www.afiformations.com\/wp-content\/uploads\/2020\/04\/formation-port-harnais-luxembourg-e1587635712419.jpg\"},{\"@type\":\"BreadcrumbList\",\"@id\":\"https:\/\/www.afiformations.com\/fr\/port-du-harnais\/#breadcrumb\",\"itemListElement\":[{\"@type\":\"ListItem\",\"position\":1,\"name\":\"Home\",\"item\":\"https:\/\/www.afiformations.com\/fr\/\"},{\"@type\":\"ListItem\",\"position\":2,\"name\":\"Port du harnais\"}]},{\"@type\":\"WebSite\",\"@id\":\"https:\/\/www.afiformations.com\/fr\/#website\",\"url\":\"https:\/\/www.afiformations.com\/fr\/\",\"name\":\"AFI Formations\",\"description\":\"Centre de formations Luxembourg\",\"potentialAction\":[{\"@type\":\"SearchAction\",\"target\":{\"@type\":\"EntryPoint\",\"urlTemplate\":\"https:\/\/www.afiformations.com\/fr\/?s={search_term_string}\"},\"query-input\":{\"@type\":\"PropertyValueSpecification\",\"valueRequired\":true,\"valueName\":\"search_term_string\"}}],\"inLanguage\":\"fr-FR\"}]}<\/script>\n<!-- \/ Yoast SEO plugin. -->","yoast_head_json":{"title":"Port du harnais - AFI Formations","robots":{"index":"index","follow":"follow","max-snippet":"max-snippet:-1","max-image-preview":"max-image-preview:large","max-video-preview":"max-video-preview:-1"},"canonical":"https:\/\/www.afiformations.com\/fr\/port-du-harnais\/","og_locale":"fr_FR","og_type":"article","og_title":"Port du harnais - AFI Formations","og_description":"Formation port du harnais Luxembourg \/ France Port du harnais AFI Formations est un organisme qui peut dispenser une formation port du harnais.\u00a0 Le but de la formation est de vous apprendre \u00e0 vous s\u00e9curiser avec des \u00e9quipements sp\u00e9cifiques.\u00a0 La formation port du harnais est propos\u00e9e au Luxembourg et en France. N&rsquo;h\u00e9sitez pas \u00e0 contacter [&hellip;]","og_url":"https:\/\/www.afiformations.com\/fr\/port-du-harnais\/","og_site_name":"AFI Formations","article_modified_time":"2020-04-23T15:02:57+00:00","og_image":[{"url":"https:\/\/www.afiformations.com\/wp-content\/uploads\/2020\/04\/formation-port-harnais-luxembourg-e1587635712419.jpg","type":"","width":"","height":""}],"twitter_card":"summary_large_image","schema":{"@context":"https:\/\/schema.org","@graph":[{"@type":"WebPage","@id":"https:\/\/www.afiformations.com\/fr\/port-du-harnais\/","url":"https:\/\/www.afiformations.com\/fr\/port-du-harnais\/","name":"Port du harnais - AFI Formations","isPartOf":{"@id":"https:\/\/www.afiformations.com\/fr\/#website"},"primaryImageOfPage":{"@id":"https:\/\/www.afiformations.com\/fr\/port-du-harnais\/#primaryimage"},"image":{"@id":"https:\/\/www.afiformations.com\/fr\/port-du-harnais\/#primaryimage"},"thumbnailUrl":"https:\/\/www.afiformations.com\/wp-content\/uploads\/2020\/04\/formation-port-harnais-luxembourg-e1587635712419.jpg","datePublished":"2020-04-23T09:51:12+00:00","dateModified":"2020-04-23T15:02:57+00:00","breadcrumb":{"@id":"https:\/\/www.afiformations.com\/fr\/port-du-harnais\/#breadcrumb"},"inLanguage":"fr-FR","potentialAction":[{"@type":"ReadAction","target":["https:\/\/www.afiformations.com\/fr\/port-du-harnais\/"]}]},{"@type":"ImageObject","inLanguage":"fr-FR","@id":"https:\/\/www.afiformations.com\/fr\/port-du-harnais\/#primaryimage","url":"https:\/\/www.afiformations.com\/wp-content\/uploads\/2020\/04\/formation-port-harnais-luxembourg-e1587635712419.jpg","contentUrl":"https:\/\/www.afiformations.com\/wp-content\/uploads\/2020\/04\/formation-port-harnais-luxembourg-e1587635712419.jpg"},{"@type":"BreadcrumbList","@id":"https:\/\/www.afiformations.com\/fr\/port-du-harnais\/#breadcrumb","itemListElement":[{"@type":"ListItem","position":1,"name":"Home","item":"https:\/\/www.afiformations.com\/fr\/"},{"@type":"ListItem","position":2,"name":"Port du harnais"}]},{"@type":"WebSite","@id":"https:\/\/www.afiformations.com\/fr\/#website","url":"https:\/\/www.afiformations.com\/fr\/","name":"AFI Formations","description":"Centre de formations Luxembourg","potentialAction":[{"@type":"SearchAction","target":{"@type":"EntryPoint","urlTemplate":"https:\/\/www.afiformations.com\/fr\/?s={search_term_string}"},"query-input":{"@type":"PropertyValueSpecification","valueRequired":true,"valueName":"search_term_string"}}],"inLanguage":"fr-FR"}]}},"_links":{"self":[{"href":"https:\/\/www.afiformations.com\/fr\/wp-json\/wp\/v2\/pages\/646"}],"collection":[{"href":"https:\/\/www.afiformations.com\/fr\/wp-json\/wp\/v2\/pages"}],"about":[{"href":"https:\/\/www.afiformations.com\/fr\/wp-json\/wp\/v2\/types\/page"}],"author":[{"embeddable":true,"href":"https:\/\/www.afiformations.com\/fr\/wp-json\/wp\/v2\/users\/1"}],"replies":[{"embeddable":true,"href":"https:\/\/www.afiformations.com\/fr\/wp-json\/wp\/v2\/comments?post=646"}],"version-history":[{"count":7,"href":"https:\/\/www.afiformations.com\/fr\/wp-json\/wp\/v2\/pages\/646\/revisions"}],"predecessor-version":[{"id":841,"href":"https:\/\/www.afiformations.com\/fr\/wp-json\/wp\/v2\/pages\/646\/revisions\/841"}],"wp:attachment":[{"href":"https:\/\/www.afiformations.com\/fr\/wp-json\/wp\/v2\/media?parent=646"}],"curies":[{"name":"wp","href":"https:\/\/api.w.org\/{rel}","templated":true}]}}