{"id":936,"date":"2020-04-29T10:22:25","date_gmt":"2020-04-29T10:22:25","guid":{"rendered":"https:\/\/www.afiformations.com\/elektrische-zulassungen\/"},"modified":"2020-04-29T11:49:46","modified_gmt":"2020-04-29T11:49:46","slug":"elektrische-zulassungen","status":"publish","type":"page","link":"https:\/\/www.afiformations.com\/de\/elektrische-zulassungen\/","title":{"rendered":"Elektrische Zulassungen"},"content":{"rendered":"\t\t<div data-elementor-type=\"wp-page\" data-elementor-id=\"936\" class=\"elementor elementor-936 elementor-847\" data-elementor-post-type=\"page\">\n\t\t\t\t\t\t<section class=\"elementor-section elementor-top-section elementor-element elementor-element-631befb elementor-section-height-min-height elementor-section-items-top elementor-section-boxed elementor-section-height-default\" data-id=\"631befb\" data-element_type=\"section\" data-settings=\"{&quot;background_background&quot;:&quot;classic&quot;}\">\n\t\t\t\t\t\t\t<div class=\"elementor-background-overlay\"><\/div>\n\t\t\t\t\t\t\t<div class=\"elementor-container elementor-column-gap-default\">\n\t\t\t\t\t<div class=\"elementor-column elementor-col-100 elementor-top-column elementor-element elementor-element-56e05e9\" data-id=\"56e05e9\" data-element_type=\"column\" data-settings=\"{&quot;background_background&quot;:&quot;classic&quot;}\">\n\t\t\t<div class=\"elementor-widget-wrap elementor-element-populated\">\n\t\t\t\t\t\t<div class=\"elementor-element elementor-element-d3bd18d elementor-widget elementor-widget-heading\" data-id=\"d3bd18d\" data-element_type=\"widget\" data-widget_type=\"heading.default\">\n\t\t\t\t<div class=\"elementor-widget-container\">\n\t\t\t<h1 class=\"elementor-heading-title elementor-size-default\">Schulung \u00fcber elektrische Zulassungen Luxemburg \/ Frankreich<\/h1>\t\t<\/div>\n\t\t\t\t<\/div>\n\t\t\t\t\t<\/div>\n\t\t<\/div>\n\t\t\t\t\t<\/div>\n\t\t<\/section>\n\t\t\t\t<section class=\"elementor-section elementor-top-section elementor-element elementor-element-66e1a9e elementor-section-boxed elementor-section-height-default elementor-section-height-default\" data-id=\"66e1a9e\" data-element_type=\"section\">\n\t\t\t\t\t\t<div class=\"elementor-container elementor-column-gap-default\">\n\t\t\t\t\t<div class=\"elementor-column elementor-col-100 elementor-top-column elementor-element elementor-element-e5746e2\" data-id=\"e5746e2\" data-element_type=\"column\" data-settings=\"{&quot;background_background&quot;:&quot;classic&quot;}\">\n\t\t\t<div class=\"elementor-widget-wrap elementor-element-populated\">\n\t\t\t\t\t\t<div class=\"elementor-element elementor-element-7cff3e7 elementor-widget elementor-widget-heading\" data-id=\"7cff3e7\" data-element_type=\"widget\" data-widget_type=\"heading.default\">\n\t\t\t\t<div class=\"elementor-widget-container\">\n\t\t\t<h2 class=\"elementor-heading-title elementor-size-default\">Elektrische Zulassungen<\/h2>\t\t<\/div>\n\t\t\t\t<\/div>\n\t\t\t\t<section class=\"elementor-section elementor-inner-section elementor-element elementor-element-3ba46b9 elementor-section-boxed elementor-section-height-default elementor-section-height-default\" data-id=\"3ba46b9\" data-element_type=\"section\">\n\t\t\t\t\t\t<div class=\"elementor-container elementor-column-gap-default\">\n\t\t\t\t\t<div class=\"elementor-column elementor-col-50 elementor-inner-column elementor-element elementor-element-bfb38bc\" data-id=\"bfb38bc\" data-element_type=\"column\">\n\t\t\t<div class=\"elementor-widget-wrap elementor-element-populated\">\n\t\t\t\t\t\t<div class=\"elementor-element elementor-element-d22152f elementor-widget elementor-widget-text-editor\" data-id=\"d22152f\" data-element_type=\"widget\" data-widget_type=\"text-editor.default\">\n\t\t\t\t<div class=\"elementor-widget-container\">\n\t\t\t\t\t\t\t<p>AFI Formations bietet Schulungen zu elektrischen Schulungen f\u00fcr Luxemburg und Frankreich an.<\/p>\n<ul>\n<li>Die Gefahren der Elektrizit\u00e4t kennen und in der Lage sein, elektrische Risiken zu identifizieren und zu analysieren.<\/li>\n<li>Die Vorschriften und Verfahren zur Verh\u00fctung elektrischer Risiken kennen und wissen, wie sie umgesetzt werden k\u00f6nnen.<\/li>\n<li>In der Lage sein, geeignete Pr\u00e4ventionsma\u00dfnahmen anzuwenden, um das elektrische Risiko an elektrischen Anlagen und Ger\u00e4ten oder in deren Umgebung zu vermeiden.<\/li>\n<li>Wissen, wie Pr\u00e4vention in die Vorbereitung der Arbeit f\u00fcr die Verantwortlichen integriert werden kann.<\/li>\n<li>Informieren Sie sich \u00fcber die Ma\u00dfnahmen, die im Falle eines Unfalls oder eines elektrischen Brandes zu ergreifen sind.<\/li>\n<\/ul>\n\t\t\t\t\t\t<\/div>\n\t\t\t\t<\/div>\n\t\t\t\t<div class=\"elementor-element elementor-element-af1b226 elementor-align-center elementor-widget elementor-widget-button\" data-id=\"af1b226\" data-element_type=\"widget\" data-widget_type=\"button.default\">\n\t\t\t\t<div class=\"elementor-widget-container\">\n\t\t\t\t\t\t\t<div class=\"elementor-button-wrapper\">\n\t\t\t\t\t<a class=\"elementor-button elementor-button-link elementor-size-sm\" href=\"https:\/\/www.afiformations.com\/de\/kontakt\/\">\n\t\t\t\t\t\t<span class=\"elementor-button-content-wrapper\">\n\t\t\t\t\t\t\t\t\t<span class=\"elementor-button-text\">Kontakt<\/span>\n\t\t\t\t\t<\/span>\n\t\t\t\t\t<\/a>\n\t\t\t\t<\/div>\n\t\t\t\t\t\t<\/div>\n\t\t\t\t<\/div>\n\t\t\t\t\t<\/div>\n\t\t<\/div>\n\t\t\t\t<div class=\"elementor-column elementor-col-50 elementor-inner-column elementor-element elementor-element-2498a17\" data-id=\"2498a17\" data-element_type=\"column\" data-settings=\"{&quot;background_background&quot;:&quot;classic&quot;}\">\n\t\t\t<div class=\"elementor-widget-wrap elementor-element-populated\">\n\t\t\t\t\t\t<div class=\"elementor-element elementor-element-16060e8 elementor-widget elementor-widget-image\" data-id=\"16060e8\" data-element_type=\"widget\" data-widget_type=\"image.default\">\n\t\t\t\t<div class=\"elementor-widget-container\">\n\t\t\t\t\t\t\t\t\t\t\t\t\t<img fetchpriority=\"high\" decoding=\"async\" width=\"1024\" height=\"681\" src=\"https:\/\/www.afiformations.com\/wp-content\/uploads\/2020\/04\/formation-habilitation-electrique-afi-1024x681.jpg\" class=\"attachment-large size-large wp-image-853\" alt=\"\" srcset=\"https:\/\/www.afiformations.com\/wp-content\/uploads\/2020\/04\/formation-habilitation-electrique-afi-1024x681.jpg 1024w, https:\/\/www.afiformations.com\/wp-content\/uploads\/2020\/04\/formation-habilitation-electrique-afi-300x200.jpg 300w, https:\/\/www.afiformations.com\/wp-content\/uploads\/2020\/04\/formation-habilitation-electrique-afi-768x511.jpg 768w, https:\/\/www.afiformations.com\/wp-content\/uploads\/2020\/04\/formation-habilitation-electrique-afi.jpg 1500w\" sizes=\"(max-width: 1024px) 100vw, 1024px\" \/>\t\t\t\t\t\t\t\t\t\t\t\t\t<\/div>\n\t\t\t\t<\/div>\n\t\t\t\t\t<\/div>\n\t\t<\/div>\n\t\t\t\t\t<\/div>\n\t\t<\/section>\n\t\t\t\t\t<\/div>\n\t\t<\/div>\n\t\t\t\t\t<\/div>\n\t\t<\/section>\n\t\t\t\t<\/div>\n\t\t","protected":false},"excerpt":{"rendered":"<p>Schulung \u00fcber elektrische Zulassungen Luxemburg \/ Frankreich Elektrische Zulassungen AFI Formations bietet Schulungen zu elektrischen Schulungen f\u00fcr Luxemburg und Frankreich an. Die Gefahren der Elektrizit\u00e4t kennen und in der Lage sein, elektrische Risiken zu identifizieren und zu analysieren. Die Vorschriften und Verfahren zur Verh\u00fctung elektrischer Risiken kennen und wissen, wie sie umgesetzt werden k\u00f6nnen. In [&hellip;]<\/p>\n","protected":false},"author":1,"featured_media":0,"parent":0,"menu_order":0,"comment_status":"closed","ping_status":"closed","template":"elementor_header_footer","meta":{"site-sidebar-layout":"default","site-content-layout":"","ast-site-content-layout":"","site-content-style":"default","site-sidebar-style":"default","ast-global-header-display":"","ast-banner-title-visibility":"","ast-main-header-display":"","ast-hfb-above-header-display":"","ast-hfb-below-header-display":"","ast-hfb-mobile-header-display":"","site-post-title":"","ast-breadcrumbs-content":"","ast-featured-img":"","footer-sml-layout":"","theme-transparent-header-meta":"","adv-header-id-meta":"","stick-header-meta":"","header-above-stick-meta":"","header-main-stick-meta":"","header-below-stick-meta":"","astra-migrate-meta-layouts":"default","ast-page-background-enabled":"default","ast-page-background-meta":{"desktop":{"background-color":"var(--ast-global-color-4)","background-image":"","background-repeat":"repeat","background-position":"center center","background-size":"auto","background-attachment":"scroll","background-type":"","background-media":"","overlay-type":"","overlay-color":"","overlay-opacity":"","overlay-gradient":""},"tablet":{"background-color":"","background-image":"","background-repeat":"repeat","background-position":"center center","background-size":"auto","background-attachment":"scroll","background-type":"","background-media":"","overlay-type":"","overlay-color":"","overlay-opacity":"","overlay-gradient":""},"mobile":{"background-color":"","background-image":"","background-repeat":"repeat","background-position":"center center","background-size":"auto","background-attachment":"scroll","background-type":"","background-media":"","overlay-type":"","overlay-color":"","overlay-opacity":"","overlay-gradient":""}},"ast-content-background-meta":{"desktop":{"background-color":"var(--ast-global-color-5)","background-image":"","background-repeat":"repeat","background-position":"center center","background-size":"auto","background-attachment":"scroll","background-type":"","background-media":"","overlay-type":"","overlay-color":"","overlay-opacity":"","overlay-gradient":""},"tablet":{"background-color":"var(--ast-global-color-5)","background-image":"","background-repeat":"repeat","background-position":"center center","background-size":"auto","background-attachment":"scroll","background-type":"","background-media":"","overlay-type":"","overlay-color":"","overlay-opacity":"","overlay-gradient":""},"mobile":{"background-color":"var(--ast-global-color-5)","background-image":"","background-repeat":"repeat","background-position":"center center","background-size":"auto","background-attachment":"scroll","background-type":"","background-media":"","overlay-type":"","overlay-color":"","overlay-opacity":"","overlay-gradient":""}},"footnotes":""},"class_list":["post-936","page","type-page","status-publish","hentry"],"yoast_head":"<!-- This site is optimized with the Yoast SEO plugin v24.5 - https:\/\/yoast.com\/wordpress\/plugins\/seo\/ -->\n<title>Elektrische Zulassungen - AFI Formations<\/title>\n<meta name=\"robots\" content=\"index, follow, max-snippet:-1, max-image-preview:large, max-video-preview:-1\" \/>\n<link rel=\"canonical\" href=\"https:\/\/www.afiformations.com\/de\/elektrische-zulassungen\/\" \/>\n<meta property=\"og:locale\" content=\"de_DE\" \/>\n<meta property=\"og:type\" content=\"article\" \/>\n<meta property=\"og:title\" content=\"Elektrische Zulassungen - AFI Formations\" \/>\n<meta property=\"og:description\" content=\"Schulung \u00fcber elektrische Zulassungen Luxemburg \/ Frankreich Elektrische Zulassungen AFI Formations bietet Schulungen zu elektrischen Schulungen f\u00fcr Luxemburg und Frankreich an. Die Gefahren der Elektrizit\u00e4t kennen und in der Lage sein, elektrische Risiken zu identifizieren und zu analysieren. Die Vorschriften und Verfahren zur Verh\u00fctung elektrischer Risiken kennen und wissen, wie sie umgesetzt werden k\u00f6nnen. In [&hellip;]\" \/>\n<meta property=\"og:url\" content=\"https:\/\/www.afiformations.com\/de\/elektrische-zulassungen\/\" \/>\n<meta property=\"og:site_name\" content=\"AFI Formations\" \/>\n<meta property=\"article:modified_time\" content=\"2020-04-29T11:49:46+00:00\" \/>\n<meta property=\"og:image\" content=\"https:\/\/www.afiformations.com\/wp-content\/uploads\/2020\/04\/formation-habilitation-electrique-afi-1024x681.jpg\" \/>\n<meta name=\"twitter:card\" content=\"summary_large_image\" \/>\n<meta name=\"twitter:label1\" content=\"Gesch\u00e4tzte Lesezeit\" \/>\n\t<meta name=\"twitter:data1\" content=\"1\u00a0Minute\" \/>\n<script type=\"application\/ld+json\" class=\"yoast-schema-graph\">{\"@context\":\"https:\/\/schema.org\",\"@graph\":[{\"@type\":\"WebPage\",\"@id\":\"https:\/\/www.afiformations.com\/de\/elektrische-zulassungen\/\",\"url\":\"https:\/\/www.afiformations.com\/de\/elektrische-zulassungen\/\",\"name\":\"Elektrische Zulassungen - AFI Formations\",\"isPartOf\":{\"@id\":\"https:\/\/www.afiformations.com\/de\/#website\"},\"primaryImageOfPage\":{\"@id\":\"https:\/\/www.afiformations.com\/de\/elektrische-zulassungen\/#primaryimage\"},\"image\":{\"@id\":\"https:\/\/www.afiformations.com\/de\/elektrische-zulassungen\/#primaryimage\"},\"thumbnailUrl\":\"https:\/\/www.afiformations.com\/wp-content\/uploads\/2020\/04\/formation-habilitation-electrique-afi-1024x681.jpg\",\"datePublished\":\"2020-04-29T10:22:25+00:00\",\"dateModified\":\"2020-04-29T11:49:46+00:00\",\"breadcrumb\":{\"@id\":\"https:\/\/www.afiformations.com\/de\/elektrische-zulassungen\/#breadcrumb\"},\"inLanguage\":\"de\",\"potentialAction\":[{\"@type\":\"ReadAction\",\"target\":[\"https:\/\/www.afiformations.com\/de\/elektrische-zulassungen\/\"]}]},{\"@type\":\"ImageObject\",\"inLanguage\":\"de\",\"@id\":\"https:\/\/www.afiformations.com\/de\/elektrische-zulassungen\/#primaryimage\",\"url\":\"https:\/\/www.afiformations.com\/wp-content\/uploads\/2020\/04\/formation-habilitation-electrique-afi-1024x681.jpg\",\"contentUrl\":\"https:\/\/www.afiformations.com\/wp-content\/uploads\/2020\/04\/formation-habilitation-electrique-afi-1024x681.jpg\"},{\"@type\":\"BreadcrumbList\",\"@id\":\"https:\/\/www.afiformations.com\/de\/elektrische-zulassungen\/#breadcrumb\",\"itemListElement\":[{\"@type\":\"ListItem\",\"position\":1,\"name\":\"Home\",\"item\":\"https:\/\/www.afiformations.com\/de\/\"},{\"@type\":\"ListItem\",\"position\":2,\"name\":\"Elektrische Zulassungen\"}]},{\"@type\":\"WebSite\",\"@id\":\"https:\/\/www.afiformations.com\/de\/#website\",\"url\":\"https:\/\/www.afiformations.com\/de\/\",\"name\":\"AFI Formations\",\"description\":\"Centre de formations Luxembourg\",\"potentialAction\":[{\"@type\":\"SearchAction\",\"target\":{\"@type\":\"EntryPoint\",\"urlTemplate\":\"https:\/\/www.afiformations.com\/de\/?s={search_term_string}\"},\"query-input\":{\"@type\":\"PropertyValueSpecification\",\"valueRequired\":true,\"valueName\":\"search_term_string\"}}],\"inLanguage\":\"de\"}]}<\/script>\n<!-- \/ Yoast SEO plugin. -->","yoast_head_json":{"title":"Elektrische Zulassungen - AFI Formations","robots":{"index":"index","follow":"follow","max-snippet":"max-snippet:-1","max-image-preview":"max-image-preview:large","max-video-preview":"max-video-preview:-1"},"canonical":"https:\/\/www.afiformations.com\/de\/elektrische-zulassungen\/","og_locale":"de_DE","og_type":"article","og_title":"Elektrische Zulassungen - AFI Formations","og_description":"Schulung \u00fcber elektrische Zulassungen Luxemburg \/ Frankreich Elektrische Zulassungen AFI Formations bietet Schulungen zu elektrischen Schulungen f\u00fcr Luxemburg und Frankreich an. Die Gefahren der Elektrizit\u00e4t kennen und in der Lage sein, elektrische Risiken zu identifizieren und zu analysieren. Die Vorschriften und Verfahren zur Verh\u00fctung elektrischer Risiken kennen und wissen, wie sie umgesetzt werden k\u00f6nnen. In [&hellip;]","og_url":"https:\/\/www.afiformations.com\/de\/elektrische-zulassungen\/","og_site_name":"AFI Formations","article_modified_time":"2020-04-29T11:49:46+00:00","og_image":[{"url":"https:\/\/www.afiformations.com\/wp-content\/uploads\/2020\/04\/formation-habilitation-electrique-afi-1024x681.jpg","type":"","width":"","height":""}],"twitter_card":"summary_large_image","twitter_misc":{"Gesch\u00e4tzte Lesezeit":"1\u00a0Minute"},"schema":{"@context":"https:\/\/schema.org","@graph":[{"@type":"WebPage","@id":"https:\/\/www.afiformations.com\/de\/elektrische-zulassungen\/","url":"https:\/\/www.afiformations.com\/de\/elektrische-zulassungen\/","name":"Elektrische Zulassungen - AFI Formations","isPartOf":{"@id":"https:\/\/www.afiformations.com\/de\/#website"},"primaryImageOfPage":{"@id":"https:\/\/www.afiformations.com\/de\/elektrische-zulassungen\/#primaryimage"},"image":{"@id":"https:\/\/www.afiformations.com\/de\/elektrische-zulassungen\/#primaryimage"},"thumbnailUrl":"https:\/\/www.afiformations.com\/wp-content\/uploads\/2020\/04\/formation-habilitation-electrique-afi-1024x681.jpg","datePublished":"2020-04-29T10:22:25+00:00","dateModified":"2020-04-29T11:49:46+00:00","breadcrumb":{"@id":"https:\/\/www.afiformations.com\/de\/elektrische-zulassungen\/#breadcrumb"},"inLanguage":"de","potentialAction":[{"@type":"ReadAction","target":["https:\/\/www.afiformations.com\/de\/elektrische-zulassungen\/"]}]},{"@type":"ImageObject","inLanguage":"de","@id":"https:\/\/www.afiformations.com\/de\/elektrische-zulassungen\/#primaryimage","url":"https:\/\/www.afiformations.com\/wp-content\/uploads\/2020\/04\/formation-habilitation-electrique-afi-1024x681.jpg","contentUrl":"https:\/\/www.afiformations.com\/wp-content\/uploads\/2020\/04\/formation-habilitation-electrique-afi-1024x681.jpg"},{"@type":"BreadcrumbList","@id":"https:\/\/www.afiformations.com\/de\/elektrische-zulassungen\/#breadcrumb","itemListElement":[{"@type":"ListItem","position":1,"name":"Home","item":"https:\/\/www.afiformations.com\/de\/"},{"@type":"ListItem","position":2,"name":"Elektrische Zulassungen"}]},{"@type":"WebSite","@id":"https:\/\/www.afiformations.com\/de\/#website","url":"https:\/\/www.afiformations.com\/de\/","name":"AFI Formations","description":"Centre de formations Luxembourg","potentialAction":[{"@type":"SearchAction","target":{"@type":"EntryPoint","urlTemplate":"https:\/\/www.afiformations.com\/de\/?s={search_term_string}"},"query-input":{"@type":"PropertyValueSpecification","valueRequired":true,"valueName":"search_term_string"}}],"inLanguage":"de"}]}},"_links":{"self":[{"href":"https:\/\/www.afiformations.com\/de\/wp-json\/wp\/v2\/pages\/936"}],"collection":[{"href":"https:\/\/www.afiformations.com\/de\/wp-json\/wp\/v2\/pages"}],"about":[{"href":"https:\/\/www.afiformations.com\/de\/wp-json\/wp\/v2\/types\/page"}],"author":[{"embeddable":true,"href":"https:\/\/www.afiformations.com\/de\/wp-json\/wp\/v2\/users\/1"}],"replies":[{"embeddable":true,"href":"https:\/\/www.afiformations.com\/de\/wp-json\/wp\/v2\/comments?post=936"}],"version-history":[{"count":2,"href":"https:\/\/www.afiformations.com\/de\/wp-json\/wp\/v2\/pages\/936\/revisions"}],"predecessor-version":[{"id":938,"href":"https:\/\/www.afiformations.com\/de\/wp-json\/wp\/v2\/pages\/936\/revisions\/938"}],"wp:attachment":[{"href":"https:\/\/www.afiformations.com\/de\/wp-json\/wp\/v2\/media?parent=936"}],"curies":[{"name":"wp","href":"https:\/\/api.w.org\/{rel}","templated":true}]}}