{"id":930,"date":"2020-04-29T09:10:45","date_gmt":"2020-04-29T09:10:45","guid":{"rendered":"https:\/\/www.afiformations.com\/hoehenarbeiten\/"},"modified":"2020-04-29T11:49:44","modified_gmt":"2020-04-29T11:49:44","slug":"hoehenarbeiten","status":"publish","type":"page","link":"https:\/\/www.afiformations.com\/de\/hoehenarbeiten\/","title":{"rendered":"H\u00f6henarbeiten"},"content":{"rendered":"\t\t<div data-elementor-type=\"wp-page\" data-elementor-id=\"930\" class=\"elementor elementor-930 elementor-637\" data-elementor-post-type=\"page\">\n\t\t\t\t\t\t<section class=\"elementor-section elementor-top-section elementor-element elementor-element-21eb61a elementor-section-height-min-height elementor-section-items-top elementor-section-boxed elementor-section-height-default\" data-id=\"21eb61a\" data-element_type=\"section\" data-settings=\"{&quot;background_background&quot;:&quot;classic&quot;}\">\n\t\t\t\t\t\t\t<div class=\"elementor-background-overlay\"><\/div>\n\t\t\t\t\t\t\t<div class=\"elementor-container elementor-column-gap-default\">\n\t\t\t\t\t<div class=\"elementor-column elementor-col-100 elementor-top-column elementor-element elementor-element-9cd88f2\" data-id=\"9cd88f2\" data-element_type=\"column\" data-settings=\"{&quot;background_background&quot;:&quot;classic&quot;}\">\n\t\t\t<div class=\"elementor-widget-wrap elementor-element-populated\">\n\t\t\t\t\t\t<div class=\"elementor-element elementor-element-280388b elementor-widget elementor-widget-heading\" data-id=\"280388b\" data-element_type=\"widget\" data-widget_type=\"heading.default\">\n\t\t\t\t<div class=\"elementor-widget-container\">\n\t\t\t<h1 class=\"elementor-heading-title elementor-size-default\">Schulung zu H\u00f6henarbeiten Luxemburg \/ Frankreich<\/h1>\t\t<\/div>\n\t\t\t\t<\/div>\n\t\t\t\t\t<\/div>\n\t\t<\/div>\n\t\t\t\t\t<\/div>\n\t\t<\/section>\n\t\t\t\t<section class=\"elementor-section elementor-top-section elementor-element elementor-element-30de2de elementor-section-boxed elementor-section-height-default elementor-section-height-default\" data-id=\"30de2de\" data-element_type=\"section\">\n\t\t\t\t\t\t<div class=\"elementor-container elementor-column-gap-default\">\n\t\t\t\t\t<div class=\"elementor-column elementor-col-100 elementor-top-column elementor-element elementor-element-5024a69\" data-id=\"5024a69\" data-element_type=\"column\" data-settings=\"{&quot;background_background&quot;:&quot;classic&quot;}\">\n\t\t\t<div class=\"elementor-widget-wrap elementor-element-populated\">\n\t\t\t\t\t\t<div class=\"elementor-element elementor-element-42fafe3 elementor-widget elementor-widget-heading\" data-id=\"42fafe3\" data-element_type=\"widget\" data-widget_type=\"heading.default\">\n\t\t\t\t<div class=\"elementor-widget-container\">\n\t\t\t<h2 class=\"elementor-heading-title elementor-size-default\">H\u00f6henarbeiten<\/h2>\t\t<\/div>\n\t\t\t\t<\/div>\n\t\t\t\t<section class=\"elementor-section elementor-inner-section elementor-element elementor-element-ab748d2 elementor-section-boxed elementor-section-height-default elementor-section-height-default\" data-id=\"ab748d2\" data-element_type=\"section\">\n\t\t\t\t\t\t<div class=\"elementor-container elementor-column-gap-default\">\n\t\t\t\t\t<div class=\"elementor-column elementor-col-50 elementor-inner-column elementor-element elementor-element-c73d88f\" data-id=\"c73d88f\" data-element_type=\"column\">\n\t\t\t<div class=\"elementor-widget-wrap elementor-element-populated\">\n\t\t\t\t\t\t<div class=\"elementor-element elementor-element-b475620 elementor-widget elementor-widget-text-editor\" data-id=\"b475620\" data-element_type=\"widget\" data-widget_type=\"text-editor.default\">\n\t\t\t\t<div class=\"elementor-widget-container\">\n\t\t\t\t\t\t\t<p>W\u00e4hlen Sie AFI Formations f\u00fcr eine Schulung zu H\u00f6henarbeiten in Luxemburg oder in Frankreich.<\/p>\n<p>Wir werden die Risiken von H\u00f6henarbeiten sowie regulatorischen Aspekte er\u00f6rtern.<\/p>\n<p>Durch praktische Arbeit k\u00f6nnen Sie H\u00f6henarbeiten besser einsch\u00e4tzen.<\/p>\n<p>Z\u00f6gern Sie nicht, uns f\u00fcr weitere Informationen zu kontaktieren.<\/p>\n\t\t\t\t\t\t<\/div>\n\t\t\t\t<\/div>\n\t\t\t\t<div class=\"elementor-element elementor-element-927848d elementor-align-center elementor-widget elementor-widget-button\" data-id=\"927848d\" data-element_type=\"widget\" data-widget_type=\"button.default\">\n\t\t\t\t<div class=\"elementor-widget-container\">\n\t\t\t\t\t\t\t<div class=\"elementor-button-wrapper\">\n\t\t\t\t\t<a class=\"elementor-button elementor-button-link elementor-size-sm\" href=\"https:\/\/www.afiformations.com\/de\/kontakt\/\">\n\t\t\t\t\t\t<span class=\"elementor-button-content-wrapper\">\n\t\t\t\t\t\t\t\t\t<span class=\"elementor-button-text\">Kontakt<\/span>\n\t\t\t\t\t<\/span>\n\t\t\t\t\t<\/a>\n\t\t\t\t<\/div>\n\t\t\t\t\t\t<\/div>\n\t\t\t\t<\/div>\n\t\t\t\t\t<\/div>\n\t\t<\/div>\n\t\t\t\t<div class=\"elementor-column elementor-col-50 elementor-inner-column elementor-element elementor-element-0bb8f6d\" data-id=\"0bb8f6d\" data-element_type=\"column\" data-settings=\"{&quot;background_background&quot;:&quot;classic&quot;}\">\n\t\t\t<div class=\"elementor-widget-wrap elementor-element-populated\">\n\t\t\t\t\t\t<div class=\"elementor-element elementor-element-10864ba elementor-widget elementor-widget-image\" data-id=\"10864ba\" data-element_type=\"widget\" data-widget_type=\"image.default\">\n\t\t\t\t<div class=\"elementor-widget-container\">\n\t\t\t\t\t\t\t\t\t\t\t\t\t<img fetchpriority=\"high\" decoding=\"async\" width=\"720\" height=\"960\" src=\"https:\/\/www.afiformations.com\/wp-content\/uploads\/2020\/04\/formation-travaux-en-hauteur-afi.jpg\" class=\"attachment-full size-full wp-image-863\" alt=\"\" srcset=\"https:\/\/www.afiformations.com\/wp-content\/uploads\/2020\/04\/formation-travaux-en-hauteur-afi.jpg 720w, https:\/\/www.afiformations.com\/wp-content\/uploads\/2020\/04\/formation-travaux-en-hauteur-afi-225x300.jpg 225w\" sizes=\"(max-width: 720px) 100vw, 720px\" \/>\t\t\t\t\t\t\t\t\t\t\t\t\t<\/div>\n\t\t\t\t<\/div>\n\t\t\t\t\t<\/div>\n\t\t<\/div>\n\t\t\t\t\t<\/div>\n\t\t<\/section>\n\t\t\t\t\t<\/div>\n\t\t<\/div>\n\t\t\t\t\t<\/div>\n\t\t<\/section>\n\t\t\t\t<\/div>\n\t\t","protected":false},"excerpt":{"rendered":"<p>Schulung zu H\u00f6henarbeiten Luxemburg \/ Frankreich H\u00f6henarbeiten W\u00e4hlen Sie AFI Formations f\u00fcr eine Schulung zu H\u00f6henarbeiten in Luxemburg oder in Frankreich. Wir werden die Risiken von H\u00f6henarbeiten sowie regulatorischen Aspekte er\u00f6rtern. Durch praktische Arbeit k\u00f6nnen Sie H\u00f6henarbeiten besser einsch\u00e4tzen. Z\u00f6gern Sie nicht, uns f\u00fcr weitere Informationen zu kontaktieren. Kontakt<\/p>\n","protected":false},"author":1,"featured_media":0,"parent":0,"menu_order":0,"comment_status":"closed","ping_status":"closed","template":"elementor_header_footer","meta":{"site-sidebar-layout":"default","site-content-layout":"","ast-site-content-layout":"","site-content-style":"default","site-sidebar-style":"default","ast-global-header-display":"","ast-banner-title-visibility":"","ast-main-header-display":"","ast-hfb-above-header-display":"","ast-hfb-below-header-display":"","ast-hfb-mobile-header-display":"","site-post-title":"","ast-breadcrumbs-content":"","ast-featured-img":"","footer-sml-layout":"","theme-transparent-header-meta":"","adv-header-id-meta":"","stick-header-meta":"","header-above-stick-meta":"","header-main-stick-meta":"","header-below-stick-meta":"","astra-migrate-meta-layouts":"default","ast-page-background-enabled":"default","ast-page-background-meta":{"desktop":{"background-color":"var(--ast-global-color-4)","background-image":"","background-repeat":"repeat","background-position":"center center","background-size":"auto","background-attachment":"scroll","background-type":"","background-media":"","overlay-type":"","overlay-color":"","overlay-opacity":"","overlay-gradient":""},"tablet":{"background-color":"","background-image":"","background-repeat":"repeat","background-position":"center center","background-size":"auto","background-attachment":"scroll","background-type":"","background-media":"","overlay-type":"","overlay-color":"","overlay-opacity":"","overlay-gradient":""},"mobile":{"background-color":"","background-image":"","background-repeat":"repeat","background-position":"center center","background-size":"auto","background-attachment":"scroll","background-type":"","background-media":"","overlay-type":"","overlay-color":"","overlay-opacity":"","overlay-gradient":""}},"ast-content-background-meta":{"desktop":{"background-color":"var(--ast-global-color-5)","background-image":"","background-repeat":"repeat","background-position":"center center","background-size":"auto","background-attachment":"scroll","background-type":"","background-media":"","overlay-type":"","overlay-color":"","overlay-opacity":"","overlay-gradient":""},"tablet":{"background-color":"var(--ast-global-color-5)","background-image":"","background-repeat":"repeat","background-position":"center center","background-size":"auto","background-attachment":"scroll","background-type":"","background-media":"","overlay-type":"","overlay-color":"","overlay-opacity":"","overlay-gradient":""},"mobile":{"background-color":"var(--ast-global-color-5)","background-image":"","background-repeat":"repeat","background-position":"center center","background-size":"auto","background-attachment":"scroll","background-type":"","background-media":"","overlay-type":"","overlay-color":"","overlay-opacity":"","overlay-gradient":""}},"footnotes":""},"class_list":["post-930","page","type-page","status-publish","hentry"],"yoast_head":"<!-- This site is optimized with the Yoast SEO plugin v24.5 - https:\/\/yoast.com\/wordpress\/plugins\/seo\/ -->\n<title>H\u00f6henarbeiten - AFI Formations<\/title>\n<meta name=\"robots\" content=\"index, follow, max-snippet:-1, max-image-preview:large, max-video-preview:-1\" \/>\n<link rel=\"canonical\" href=\"https:\/\/www.afiformations.com\/de\/hoehenarbeiten\/\" \/>\n<meta property=\"og:locale\" content=\"de_DE\" \/>\n<meta property=\"og:type\" content=\"article\" \/>\n<meta property=\"og:title\" content=\"H\u00f6henarbeiten - AFI Formations\" \/>\n<meta property=\"og:description\" content=\"Schulung zu H\u00f6henarbeiten Luxemburg \/ Frankreich H\u00f6henarbeiten W\u00e4hlen Sie AFI Formations f\u00fcr eine Schulung zu H\u00f6henarbeiten in Luxemburg oder in Frankreich. Wir werden die Risiken von H\u00f6henarbeiten sowie regulatorischen Aspekte er\u00f6rtern. Durch praktische Arbeit k\u00f6nnen Sie H\u00f6henarbeiten besser einsch\u00e4tzen. Z\u00f6gern Sie nicht, uns f\u00fcr weitere Informationen zu kontaktieren. Kontakt\" \/>\n<meta property=\"og:url\" content=\"https:\/\/www.afiformations.com\/de\/hoehenarbeiten\/\" \/>\n<meta property=\"og:site_name\" content=\"AFI Formations\" \/>\n<meta property=\"article:modified_time\" content=\"2020-04-29T11:49:44+00:00\" \/>\n<meta property=\"og:image\" content=\"https:\/\/www.afiformations.com\/wp-content\/uploads\/2020\/04\/formation-travaux-en-hauteur-afi-e1587720948237.jpg\" \/>\n<meta name=\"twitter:card\" content=\"summary_large_image\" \/>\n<script type=\"application\/ld+json\" class=\"yoast-schema-graph\">{\"@context\":\"https:\/\/schema.org\",\"@graph\":[{\"@type\":\"WebPage\",\"@id\":\"https:\/\/www.afiformations.com\/de\/hoehenarbeiten\/\",\"url\":\"https:\/\/www.afiformations.com\/de\/hoehenarbeiten\/\",\"name\":\"H\u00f6henarbeiten - AFI Formations\",\"isPartOf\":{\"@id\":\"https:\/\/www.afiformations.com\/de\/#website\"},\"primaryImageOfPage\":{\"@id\":\"https:\/\/www.afiformations.com\/de\/hoehenarbeiten\/#primaryimage\"},\"image\":{\"@id\":\"https:\/\/www.afiformations.com\/de\/hoehenarbeiten\/#primaryimage\"},\"thumbnailUrl\":\"https:\/\/www.afiformations.com\/wp-content\/uploads\/2020\/04\/formation-travaux-en-hauteur-afi-e1587720948237.jpg\",\"datePublished\":\"2020-04-29T09:10:45+00:00\",\"dateModified\":\"2020-04-29T11:49:44+00:00\",\"breadcrumb\":{\"@id\":\"https:\/\/www.afiformations.com\/de\/hoehenarbeiten\/#breadcrumb\"},\"inLanguage\":\"de\",\"potentialAction\":[{\"@type\":\"ReadAction\",\"target\":[\"https:\/\/www.afiformations.com\/de\/hoehenarbeiten\/\"]}]},{\"@type\":\"ImageObject\",\"inLanguage\":\"de\",\"@id\":\"https:\/\/www.afiformations.com\/de\/hoehenarbeiten\/#primaryimage\",\"url\":\"https:\/\/www.afiformations.com\/wp-content\/uploads\/2020\/04\/formation-travaux-en-hauteur-afi-e1587720948237.jpg\",\"contentUrl\":\"https:\/\/www.afiformations.com\/wp-content\/uploads\/2020\/04\/formation-travaux-en-hauteur-afi-e1587720948237.jpg\"},{\"@type\":\"BreadcrumbList\",\"@id\":\"https:\/\/www.afiformations.com\/de\/hoehenarbeiten\/#breadcrumb\",\"itemListElement\":[{\"@type\":\"ListItem\",\"position\":1,\"name\":\"Home\",\"item\":\"https:\/\/www.afiformations.com\/de\/\"},{\"@type\":\"ListItem\",\"position\":2,\"name\":\"H\u00f6henarbeiten\"}]},{\"@type\":\"WebSite\",\"@id\":\"https:\/\/www.afiformations.com\/de\/#website\",\"url\":\"https:\/\/www.afiformations.com\/de\/\",\"name\":\"AFI Formations\",\"description\":\"Centre de formations Luxembourg\",\"potentialAction\":[{\"@type\":\"SearchAction\",\"target\":{\"@type\":\"EntryPoint\",\"urlTemplate\":\"https:\/\/www.afiformations.com\/de\/?s={search_term_string}\"},\"query-input\":{\"@type\":\"PropertyValueSpecification\",\"valueRequired\":true,\"valueName\":\"search_term_string\"}}],\"inLanguage\":\"de\"}]}<\/script>\n<!-- \/ Yoast SEO plugin. -->","yoast_head_json":{"title":"H\u00f6henarbeiten - AFI Formations","robots":{"index":"index","follow":"follow","max-snippet":"max-snippet:-1","max-image-preview":"max-image-preview:large","max-video-preview":"max-video-preview:-1"},"canonical":"https:\/\/www.afiformations.com\/de\/hoehenarbeiten\/","og_locale":"de_DE","og_type":"article","og_title":"H\u00f6henarbeiten - AFI Formations","og_description":"Schulung zu H\u00f6henarbeiten Luxemburg \/ Frankreich H\u00f6henarbeiten W\u00e4hlen Sie AFI Formations f\u00fcr eine Schulung zu H\u00f6henarbeiten in Luxemburg oder in Frankreich. Wir werden die Risiken von H\u00f6henarbeiten sowie regulatorischen Aspekte er\u00f6rtern. Durch praktische Arbeit k\u00f6nnen Sie H\u00f6henarbeiten besser einsch\u00e4tzen. Z\u00f6gern Sie nicht, uns f\u00fcr weitere Informationen zu kontaktieren. Kontakt","og_url":"https:\/\/www.afiformations.com\/de\/hoehenarbeiten\/","og_site_name":"AFI Formations","article_modified_time":"2020-04-29T11:49:44+00:00","og_image":[{"url":"https:\/\/www.afiformations.com\/wp-content\/uploads\/2020\/04\/formation-travaux-en-hauteur-afi-e1587720948237.jpg","type":"","width":"","height":""}],"twitter_card":"summary_large_image","schema":{"@context":"https:\/\/schema.org","@graph":[{"@type":"WebPage","@id":"https:\/\/www.afiformations.com\/de\/hoehenarbeiten\/","url":"https:\/\/www.afiformations.com\/de\/hoehenarbeiten\/","name":"H\u00f6henarbeiten - AFI Formations","isPartOf":{"@id":"https:\/\/www.afiformations.com\/de\/#website"},"primaryImageOfPage":{"@id":"https:\/\/www.afiformations.com\/de\/hoehenarbeiten\/#primaryimage"},"image":{"@id":"https:\/\/www.afiformations.com\/de\/hoehenarbeiten\/#primaryimage"},"thumbnailUrl":"https:\/\/www.afiformations.com\/wp-content\/uploads\/2020\/04\/formation-travaux-en-hauteur-afi-e1587720948237.jpg","datePublished":"2020-04-29T09:10:45+00:00","dateModified":"2020-04-29T11:49:44+00:00","breadcrumb":{"@id":"https:\/\/www.afiformations.com\/de\/hoehenarbeiten\/#breadcrumb"},"inLanguage":"de","potentialAction":[{"@type":"ReadAction","target":["https:\/\/www.afiformations.com\/de\/hoehenarbeiten\/"]}]},{"@type":"ImageObject","inLanguage":"de","@id":"https:\/\/www.afiformations.com\/de\/hoehenarbeiten\/#primaryimage","url":"https:\/\/www.afiformations.com\/wp-content\/uploads\/2020\/04\/formation-travaux-en-hauteur-afi-e1587720948237.jpg","contentUrl":"https:\/\/www.afiformations.com\/wp-content\/uploads\/2020\/04\/formation-travaux-en-hauteur-afi-e1587720948237.jpg"},{"@type":"BreadcrumbList","@id":"https:\/\/www.afiformations.com\/de\/hoehenarbeiten\/#breadcrumb","itemListElement":[{"@type":"ListItem","position":1,"name":"Home","item":"https:\/\/www.afiformations.com\/de\/"},{"@type":"ListItem","position":2,"name":"H\u00f6henarbeiten"}]},{"@type":"WebSite","@id":"https:\/\/www.afiformations.com\/de\/#website","url":"https:\/\/www.afiformations.com\/de\/","name":"AFI Formations","description":"Centre de formations Luxembourg","potentialAction":[{"@type":"SearchAction","target":{"@type":"EntryPoint","urlTemplate":"https:\/\/www.afiformations.com\/de\/?s={search_term_string}"},"query-input":{"@type":"PropertyValueSpecification","valueRequired":true,"valueName":"search_term_string"}}],"inLanguage":"de"}]}},"_links":{"self":[{"href":"https:\/\/www.afiformations.com\/de\/wp-json\/wp\/v2\/pages\/930"}],"collection":[{"href":"https:\/\/www.afiformations.com\/de\/wp-json\/wp\/v2\/pages"}],"about":[{"href":"https:\/\/www.afiformations.com\/de\/wp-json\/wp\/v2\/types\/page"}],"author":[{"embeddable":true,"href":"https:\/\/www.afiformations.com\/de\/wp-json\/wp\/v2\/users\/1"}],"replies":[{"embeddable":true,"href":"https:\/\/www.afiformations.com\/de\/wp-json\/wp\/v2\/comments?post=930"}],"version-history":[{"count":2,"href":"https:\/\/www.afiformations.com\/de\/wp-json\/wp\/v2\/pages\/930\/revisions"}],"predecessor-version":[{"id":932,"href":"https:\/\/www.afiformations.com\/de\/wp-json\/wp\/v2\/pages\/930\/revisions\/932"}],"wp:attachment":[{"href":"https:\/\/www.afiformations.com\/de\/wp-json\/wp\/v2\/media?parent=930"}],"curies":[{"name":"wp","href":"https:\/\/api.w.org\/{rel}","templated":true}]}}