{"id":925,"date":"2020-04-29T09:09:13","date_gmt":"2020-04-29T09:09:13","guid":{"rendered":"https:\/\/www.afiformations.com\/rollgeruest\/"},"modified":"2020-04-29T11:49:44","modified_gmt":"2020-04-29T11:49:44","slug":"rollgeruest","status":"publish","type":"page","link":"https:\/\/www.afiformations.com\/de\/rollgeruest\/","title":{"rendered":"Rollger\u00fcst"},"content":{"rendered":"\t\t<div data-elementor-type=\"wp-page\" data-elementor-id=\"925\" class=\"elementor elementor-925 elementor-667\" data-elementor-post-type=\"page\">\n\t\t\t\t\t\t<section class=\"elementor-section elementor-top-section elementor-element elementor-element-1fe8da8 elementor-section-height-min-height elementor-section-items-top elementor-section-boxed elementor-section-height-default\" data-id=\"1fe8da8\" data-element_type=\"section\" data-settings=\"{&quot;background_background&quot;:&quot;classic&quot;}\">\n\t\t\t\t\t\t\t<div class=\"elementor-background-overlay\"><\/div>\n\t\t\t\t\t\t\t<div class=\"elementor-container elementor-column-gap-default\">\n\t\t\t\t\t<div class=\"elementor-column elementor-col-100 elementor-top-column elementor-element elementor-element-2593e40\" data-id=\"2593e40\" data-element_type=\"column\" data-settings=\"{&quot;background_background&quot;:&quot;classic&quot;}\">\n\t\t\t<div class=\"elementor-widget-wrap elementor-element-populated\">\n\t\t\t\t\t\t<div class=\"elementor-element elementor-element-4413917 elementor-widget elementor-widget-heading\" data-id=\"4413917\" data-element_type=\"widget\" data-widget_type=\"heading.default\">\n\t\t\t\t<div class=\"elementor-widget-container\">\n\t\t\t<h1 class=\"elementor-heading-title elementor-size-default\">Schulung Rollger\u00fcst Luxemburg \/ Frankreich<\/h1>\t\t<\/div>\n\t\t\t\t<\/div>\n\t\t\t\t\t<\/div>\n\t\t<\/div>\n\t\t\t\t\t<\/div>\n\t\t<\/section>\n\t\t\t\t<section class=\"elementor-section elementor-top-section elementor-element elementor-element-e48e98a elementor-section-boxed elementor-section-height-default elementor-section-height-default\" data-id=\"e48e98a\" data-element_type=\"section\">\n\t\t\t\t\t\t<div class=\"elementor-container elementor-column-gap-default\">\n\t\t\t\t\t<div class=\"elementor-column elementor-col-100 elementor-top-column elementor-element elementor-element-5b7333d\" data-id=\"5b7333d\" data-element_type=\"column\" data-settings=\"{&quot;background_background&quot;:&quot;classic&quot;}\">\n\t\t\t<div class=\"elementor-widget-wrap elementor-element-populated\">\n\t\t\t\t\t\t<div class=\"elementor-element elementor-element-27e68ca elementor-widget elementor-widget-heading\" data-id=\"27e68ca\" data-element_type=\"widget\" data-widget_type=\"heading.default\">\n\t\t\t\t<div class=\"elementor-widget-container\">\n\t\t\t<h2 class=\"elementor-heading-title elementor-size-default\">Rollger\u00fcst<\/h2>\t\t<\/div>\n\t\t\t\t<\/div>\n\t\t\t\t<section class=\"elementor-section elementor-inner-section elementor-element elementor-element-030c4f3 elementor-section-boxed elementor-section-height-default elementor-section-height-default\" data-id=\"030c4f3\" data-element_type=\"section\">\n\t\t\t\t\t\t<div class=\"elementor-container elementor-column-gap-default\">\n\t\t\t\t\t<div class=\"elementor-column elementor-col-50 elementor-inner-column elementor-element elementor-element-85f9730\" data-id=\"85f9730\" data-element_type=\"column\">\n\t\t\t<div class=\"elementor-widget-wrap elementor-element-populated\">\n\t\t\t\t\t\t<div class=\"elementor-element elementor-element-28d5c37 elementor-widget elementor-widget-text-editor\" data-id=\"28d5c37\" data-element_type=\"widget\" data-widget_type=\"text-editor.default\">\n\t\t\t\t<div class=\"elementor-widget-container\">\n\t\t\t\t\t\t\t<p>AFI Formations bietet Rollger\u00fcstschulungen f\u00fcr Luxemburg und Frankreich an.<\/p>\n<p>Ziel ist es, ein Rollger\u00fcst zu montieren, zu demontieren und zu verwenden.<\/p>\n<p>Regulatorische Aspekte werden ebenfalls er\u00f6rtert.<\/p>\n<p>Praktische Anwendungen werden vorgeschlagen.<\/p>\n<p>Z\u00f6gern Sie nicht, uns f\u00fcr weitere Informationen zu kontaktieren.<\/p>\n\t\t\t\t\t\t<\/div>\n\t\t\t\t<\/div>\n\t\t\t\t<div class=\"elementor-element elementor-element-e5e61ff elementor-align-center elementor-widget elementor-widget-button\" data-id=\"e5e61ff\" data-element_type=\"widget\" data-widget_type=\"button.default\">\n\t\t\t\t<div class=\"elementor-widget-container\">\n\t\t\t\t\t\t\t<div class=\"elementor-button-wrapper\">\n\t\t\t\t\t<a class=\"elementor-button elementor-button-link elementor-size-sm\" href=\"https:\/\/www.afiformations.com\/de\/kontakt\/\">\n\t\t\t\t\t\t<span class=\"elementor-button-content-wrapper\">\n\t\t\t\t\t\t\t\t\t<span class=\"elementor-button-text\">Kontakt<\/span>\n\t\t\t\t\t<\/span>\n\t\t\t\t\t<\/a>\n\t\t\t\t<\/div>\n\t\t\t\t\t\t<\/div>\n\t\t\t\t<\/div>\n\t\t\t\t\t<\/div>\n\t\t<\/div>\n\t\t\t\t<div class=\"elementor-column elementor-col-50 elementor-inner-column elementor-element elementor-element-fcd10b1\" data-id=\"fcd10b1\" data-element_type=\"column\" data-settings=\"{&quot;background_background&quot;:&quot;classic&quot;}\">\n\t\t\t<div class=\"elementor-widget-wrap elementor-element-populated\">\n\t\t\t\t\t\t<div class=\"elementor-element elementor-element-1d9f984 elementor-widget elementor-widget-image\" data-id=\"1d9f984\" data-element_type=\"widget\" data-widget_type=\"image.default\">\n\t\t\t\t<div class=\"elementor-widget-container\">\n\t\t\t\t\t\t\t\t\t\t\t\t\t<img fetchpriority=\"high\" decoding=\"async\" width=\"500\" height=\"500\" src=\"https:\/\/www.afiformations.com\/wp-content\/uploads\/2020\/04\/formation-echafaudage-roulant.jpg\" class=\"attachment-full size-full wp-image-674\" alt=\"Formation \u00e9chafaudage roulant Luxembourg\" srcset=\"https:\/\/www.afiformations.com\/wp-content\/uploads\/2020\/04\/formation-echafaudage-roulant.jpg 500w, https:\/\/www.afiformations.com\/wp-content\/uploads\/2020\/04\/formation-echafaudage-roulant-300x300.jpg 300w, https:\/\/www.afiformations.com\/wp-content\/uploads\/2020\/04\/formation-echafaudage-roulant-150x150.jpg 150w\" sizes=\"(max-width: 500px) 100vw, 500px\" \/>\t\t\t\t\t\t\t\t\t\t\t\t\t<\/div>\n\t\t\t\t<\/div>\n\t\t\t\t\t<\/div>\n\t\t<\/div>\n\t\t\t\t\t<\/div>\n\t\t<\/section>\n\t\t\t\t\t<\/div>\n\t\t<\/div>\n\t\t\t\t\t<\/div>\n\t\t<\/section>\n\t\t\t\t<\/div>\n\t\t","protected":false},"excerpt":{"rendered":"<p>Schulung Rollger\u00fcst Luxemburg \/ Frankreich Rollger\u00fcst AFI Formations bietet Rollger\u00fcstschulungen f\u00fcr Luxemburg und Frankreich an. Ziel ist es, ein Rollger\u00fcst zu montieren, zu demontieren und zu verwenden. Regulatorische Aspekte werden ebenfalls er\u00f6rtert. Praktische Anwendungen werden vorgeschlagen. Z\u00f6gern Sie nicht, uns f\u00fcr weitere Informationen zu kontaktieren. Kontakt<\/p>\n","protected":false},"author":1,"featured_media":0,"parent":0,"menu_order":0,"comment_status":"closed","ping_status":"closed","template":"elementor_header_footer","meta":{"site-sidebar-layout":"default","site-content-layout":"","ast-site-content-layout":"","site-content-style":"default","site-sidebar-style":"default","ast-global-header-display":"","ast-banner-title-visibility":"","ast-main-header-display":"","ast-hfb-above-header-display":"","ast-hfb-below-header-display":"","ast-hfb-mobile-header-display":"","site-post-title":"","ast-breadcrumbs-content":"","ast-featured-img":"","footer-sml-layout":"","theme-transparent-header-meta":"","adv-header-id-meta":"","stick-header-meta":"","header-above-stick-meta":"","header-main-stick-meta":"","header-below-stick-meta":"","astra-migrate-meta-layouts":"default","ast-page-background-enabled":"default","ast-page-background-meta":{"desktop":{"background-color":"var(--ast-global-color-4)","background-image":"","background-repeat":"repeat","background-position":"center center","background-size":"auto","background-attachment":"scroll","background-type":"","background-media":"","overlay-type":"","overlay-color":"","overlay-opacity":"","overlay-gradient":""},"tablet":{"background-color":"","background-image":"","background-repeat":"repeat","background-position":"center center","background-size":"auto","background-attachment":"scroll","background-type":"","background-media":"","overlay-type":"","overlay-color":"","overlay-opacity":"","overlay-gradient":""},"mobile":{"background-color":"","background-image":"","background-repeat":"repeat","background-position":"center center","background-size":"auto","background-attachment":"scroll","background-type":"","background-media":"","overlay-type":"","overlay-color":"","overlay-opacity":"","overlay-gradient":""}},"ast-content-background-meta":{"desktop":{"background-color":"var(--ast-global-color-5)","background-image":"","background-repeat":"repeat","background-position":"center center","background-size":"auto","background-attachment":"scroll","background-type":"","background-media":"","overlay-type":"","overlay-color":"","overlay-opacity":"","overlay-gradient":""},"tablet":{"background-color":"var(--ast-global-color-5)","background-image":"","background-repeat":"repeat","background-position":"center center","background-size":"auto","background-attachment":"scroll","background-type":"","background-media":"","overlay-type":"","overlay-color":"","overlay-opacity":"","overlay-gradient":""},"mobile":{"background-color":"var(--ast-global-color-5)","background-image":"","background-repeat":"repeat","background-position":"center center","background-size":"auto","background-attachment":"scroll","background-type":"","background-media":"","overlay-type":"","overlay-color":"","overlay-opacity":"","overlay-gradient":""}},"footnotes":""},"class_list":["post-925","page","type-page","status-publish","hentry"],"yoast_head":"<!-- This site is optimized with the Yoast SEO plugin v24.5 - https:\/\/yoast.com\/wordpress\/plugins\/seo\/ -->\n<title>Rollger\u00fcst - AFI Formations<\/title>\n<meta name=\"robots\" content=\"index, follow, max-snippet:-1, max-image-preview:large, max-video-preview:-1\" \/>\n<link rel=\"canonical\" href=\"https:\/\/www.afiformations.com\/de\/rollgeruest\/\" \/>\n<meta property=\"og:locale\" content=\"de_DE\" \/>\n<meta property=\"og:type\" content=\"article\" \/>\n<meta property=\"og:title\" content=\"Rollger\u00fcst - AFI Formations\" \/>\n<meta property=\"og:description\" content=\"Schulung Rollger\u00fcst Luxemburg \/ Frankreich Rollger\u00fcst AFI Formations bietet Rollger\u00fcstschulungen f\u00fcr Luxemburg und Frankreich an. Ziel ist es, ein Rollger\u00fcst zu montieren, zu demontieren und zu verwenden. Regulatorische Aspekte werden ebenfalls er\u00f6rtert. Praktische Anwendungen werden vorgeschlagen. Z\u00f6gern Sie nicht, uns f\u00fcr weitere Informationen zu kontaktieren. Kontakt\" \/>\n<meta property=\"og:url\" content=\"https:\/\/www.afiformations.com\/de\/rollgeruest\/\" \/>\n<meta property=\"og:site_name\" content=\"AFI Formations\" \/>\n<meta property=\"article:modified_time\" content=\"2020-04-29T11:49:44+00:00\" \/>\n<meta property=\"og:image\" content=\"https:\/\/www.afiformations.com\/wp-content\/uploads\/2020\/04\/formation-echafaudage-roulant.jpg\" \/>\n<meta name=\"twitter:card\" content=\"summary_large_image\" \/>\n<script type=\"application\/ld+json\" class=\"yoast-schema-graph\">{\"@context\":\"https:\/\/schema.org\",\"@graph\":[{\"@type\":\"WebPage\",\"@id\":\"https:\/\/www.afiformations.com\/de\/rollgeruest\/\",\"url\":\"https:\/\/www.afiformations.com\/de\/rollgeruest\/\",\"name\":\"Rollger\u00fcst - AFI Formations\",\"isPartOf\":{\"@id\":\"https:\/\/www.afiformations.com\/de\/#website\"},\"primaryImageOfPage\":{\"@id\":\"https:\/\/www.afiformations.com\/de\/rollgeruest\/#primaryimage\"},\"image\":{\"@id\":\"https:\/\/www.afiformations.com\/de\/rollgeruest\/#primaryimage\"},\"thumbnailUrl\":\"https:\/\/www.afiformations.com\/wp-content\/uploads\/2020\/04\/formation-echafaudage-roulant.jpg\",\"datePublished\":\"2020-04-29T09:09:13+00:00\",\"dateModified\":\"2020-04-29T11:49:44+00:00\",\"breadcrumb\":{\"@id\":\"https:\/\/www.afiformations.com\/de\/rollgeruest\/#breadcrumb\"},\"inLanguage\":\"de\",\"potentialAction\":[{\"@type\":\"ReadAction\",\"target\":[\"https:\/\/www.afiformations.com\/de\/rollgeruest\/\"]}]},{\"@type\":\"ImageObject\",\"inLanguage\":\"de\",\"@id\":\"https:\/\/www.afiformations.com\/de\/rollgeruest\/#primaryimage\",\"url\":\"https:\/\/www.afiformations.com\/wp-content\/uploads\/2020\/04\/formation-echafaudage-roulant.jpg\",\"contentUrl\":\"https:\/\/www.afiformations.com\/wp-content\/uploads\/2020\/04\/formation-echafaudage-roulant.jpg\"},{\"@type\":\"BreadcrumbList\",\"@id\":\"https:\/\/www.afiformations.com\/de\/rollgeruest\/#breadcrumb\",\"itemListElement\":[{\"@type\":\"ListItem\",\"position\":1,\"name\":\"Home\",\"item\":\"https:\/\/www.afiformations.com\/de\/\"},{\"@type\":\"ListItem\",\"position\":2,\"name\":\"Rollger\u00fcst\"}]},{\"@type\":\"WebSite\",\"@id\":\"https:\/\/www.afiformations.com\/de\/#website\",\"url\":\"https:\/\/www.afiformations.com\/de\/\",\"name\":\"AFI Formations\",\"description\":\"Centre de formations Luxembourg\",\"potentialAction\":[{\"@type\":\"SearchAction\",\"target\":{\"@type\":\"EntryPoint\",\"urlTemplate\":\"https:\/\/www.afiformations.com\/de\/?s={search_term_string}\"},\"query-input\":{\"@type\":\"PropertyValueSpecification\",\"valueRequired\":true,\"valueName\":\"search_term_string\"}}],\"inLanguage\":\"de\"}]}<\/script>\n<!-- \/ Yoast SEO plugin. -->","yoast_head_json":{"title":"Rollger\u00fcst - AFI Formations","robots":{"index":"index","follow":"follow","max-snippet":"max-snippet:-1","max-image-preview":"max-image-preview:large","max-video-preview":"max-video-preview:-1"},"canonical":"https:\/\/www.afiformations.com\/de\/rollgeruest\/","og_locale":"de_DE","og_type":"article","og_title":"Rollger\u00fcst - AFI Formations","og_description":"Schulung Rollger\u00fcst Luxemburg \/ Frankreich Rollger\u00fcst AFI Formations bietet Rollger\u00fcstschulungen f\u00fcr Luxemburg und Frankreich an. Ziel ist es, ein Rollger\u00fcst zu montieren, zu demontieren und zu verwenden. Regulatorische Aspekte werden ebenfalls er\u00f6rtert. Praktische Anwendungen werden vorgeschlagen. Z\u00f6gern Sie nicht, uns f\u00fcr weitere Informationen zu kontaktieren. Kontakt","og_url":"https:\/\/www.afiformations.com\/de\/rollgeruest\/","og_site_name":"AFI Formations","article_modified_time":"2020-04-29T11:49:44+00:00","og_image":[{"url":"https:\/\/www.afiformations.com\/wp-content\/uploads\/2020\/04\/formation-echafaudage-roulant.jpg","type":"","width":"","height":""}],"twitter_card":"summary_large_image","schema":{"@context":"https:\/\/schema.org","@graph":[{"@type":"WebPage","@id":"https:\/\/www.afiformations.com\/de\/rollgeruest\/","url":"https:\/\/www.afiformations.com\/de\/rollgeruest\/","name":"Rollger\u00fcst - AFI Formations","isPartOf":{"@id":"https:\/\/www.afiformations.com\/de\/#website"},"primaryImageOfPage":{"@id":"https:\/\/www.afiformations.com\/de\/rollgeruest\/#primaryimage"},"image":{"@id":"https:\/\/www.afiformations.com\/de\/rollgeruest\/#primaryimage"},"thumbnailUrl":"https:\/\/www.afiformations.com\/wp-content\/uploads\/2020\/04\/formation-echafaudage-roulant.jpg","datePublished":"2020-04-29T09:09:13+00:00","dateModified":"2020-04-29T11:49:44+00:00","breadcrumb":{"@id":"https:\/\/www.afiformations.com\/de\/rollgeruest\/#breadcrumb"},"inLanguage":"de","potentialAction":[{"@type":"ReadAction","target":["https:\/\/www.afiformations.com\/de\/rollgeruest\/"]}]},{"@type":"ImageObject","inLanguage":"de","@id":"https:\/\/www.afiformations.com\/de\/rollgeruest\/#primaryimage","url":"https:\/\/www.afiformations.com\/wp-content\/uploads\/2020\/04\/formation-echafaudage-roulant.jpg","contentUrl":"https:\/\/www.afiformations.com\/wp-content\/uploads\/2020\/04\/formation-echafaudage-roulant.jpg"},{"@type":"BreadcrumbList","@id":"https:\/\/www.afiformations.com\/de\/rollgeruest\/#breadcrumb","itemListElement":[{"@type":"ListItem","position":1,"name":"Home","item":"https:\/\/www.afiformations.com\/de\/"},{"@type":"ListItem","position":2,"name":"Rollger\u00fcst"}]},{"@type":"WebSite","@id":"https:\/\/www.afiformations.com\/de\/#website","url":"https:\/\/www.afiformations.com\/de\/","name":"AFI Formations","description":"Centre de formations Luxembourg","potentialAction":[{"@type":"SearchAction","target":{"@type":"EntryPoint","urlTemplate":"https:\/\/www.afiformations.com\/de\/?s={search_term_string}"},"query-input":{"@type":"PropertyValueSpecification","valueRequired":true,"valueName":"search_term_string"}}],"inLanguage":"de"}]}},"_links":{"self":[{"href":"https:\/\/www.afiformations.com\/de\/wp-json\/wp\/v2\/pages\/925"}],"collection":[{"href":"https:\/\/www.afiformations.com\/de\/wp-json\/wp\/v2\/pages"}],"about":[{"href":"https:\/\/www.afiformations.com\/de\/wp-json\/wp\/v2\/types\/page"}],"author":[{"embeddable":true,"href":"https:\/\/www.afiformations.com\/de\/wp-json\/wp\/v2\/users\/1"}],"replies":[{"embeddable":true,"href":"https:\/\/www.afiformations.com\/de\/wp-json\/wp\/v2\/comments?post=925"}],"version-history":[{"count":4,"href":"https:\/\/www.afiformations.com\/de\/wp-json\/wp\/v2\/pages\/925\/revisions"}],"predecessor-version":[{"id":929,"href":"https:\/\/www.afiformations.com\/de\/wp-json\/wp\/v2\/pages\/925\/revisions\/929"}],"wp:attachment":[{"href":"https:\/\/www.afiformations.com\/de\/wp-json\/wp\/v2\/media?parent=925"}],"curies":[{"name":"wp","href":"https:\/\/api.w.org\/{rel}","templated":true}]}}